{"id":2922,"date":"2023-04-30T10:00:45","date_gmt":"2023-04-30T08:00:45","guid":{"rendered":"https:\/\/serwer2237875.home.pl\/md\/?page_id=2922"},"modified":"2026-03-16T13:57:42","modified_gmt":"2026-03-16T12:57:42","slug":"sale","status":"publish","type":"page","link":"https:\/\/martinidgn.com\/pl\/sale\/","title":{"rendered":"PROMOCJE"},"content":{"rendered":"<div data-elementor-type=\"wp-page\" data-elementor-id=\"2922\" class=\"elementor elementor-2922\">\n\t\t\t\t\t\t<section class=\"elementor-section elementor-top-section elementor-element elementor-element-09c3306 elementor-section-boxed elementor-section-height-default elementor-section-height-default wpr-particle-no wpr-jarallax-no wpr-parallax-no wpr-sticky-section-no\" data-id=\"09c3306\" data-element_type=\"section\">\n\t\t\t\t\t\t<div class=\"elementor-container elementor-column-gap-default\">\n\t\t\t\t\t<div class=\"elementor-column elementor-col-100 elementor-top-column elementor-element elementor-element-9be092d\" data-id=\"9be092d\" data-element_type=\"column\">\n\t\t\t<div class=\"elementor-widget-wrap elementor-element-populated\">\n\t\t\t\t\t\t<div class=\"elementor-element elementor-element-9a9d8d2 page-title elementor-widget elementor-widget-heading\" data-id=\"9a9d8d2\" data-element_type=\"widget\" data-no-translation=\"\" data-widget_type=\"heading.default\">\n\t\t\t\t<div class=\"elementor-widget-container\">\n\t\t\t\t\t<style>.elementor-element-9a9d8d2{display:none !important}<\/style>\t\t\t\t<\/div>\n\t\t\t\t<\/div>\n\t\t\t\t<div class=\"elementor-element elementor-element-6544ac3 page-title elementor-widget elementor-widget-heading\" data-id=\"6544ac3\" data-element_type=\"widget\" data-no-translation=\"\" data-widget_type=\"heading.default\">\n\t\t\t\t<div class=\"elementor-widget-container\">\n\t\t\t\t\t<h1 class=\"elementor-heading-title elementor-size-default\">Promocje<\/h1>\t\t\t\t<\/div>\n\t\t\t\t<\/div>\n\t\t\t\t\t<\/div>\n\t\t<\/div>\n\t\t\t\t\t<\/div>\n\t\t<\/section>\n\t\t\t\t<section class=\"elementor-section elementor-top-section elementor-element elementor-element-6e453e11 elementor-section-boxed elementor-section-height-default elementor-section-height-default wpr-particle-no wpr-jarallax-no wpr-parallax-no wpr-sticky-section-no\" data-id=\"6e453e11\" data-element_type=\"section\">\n\t\t\t\t\t\t<div class=\"elementor-container elementor-column-gap-default\">\n\t\t\t\t\t<div class=\"elementor-column elementor-col-50 elementor-top-column elementor-element elementor-element-7e2f6f3e\" data-id=\"7e2f6f3e\" data-element_type=\"column\">\n\t\t\t<div class=\"elementor-widget-wrap elementor-element-populated\">\n\t\t\t\t\t\t<div class=\"elementor-element elementor-element-14a6b18e premium-woo-product-align-left elementor-widget__width-inherit hover-details hide-section-desktop premium-qv-hidden-yes elementor-widget elementor-widget-premium-woo-products\" data-id=\"14a6b18e\" data-element_type=\"widget\" data-widget_type=\"premium-woo-products.grid-1\">\n\t\t\t\t<div class=\"elementor-widget-container\">\n\t\t\t\t\t<div class=\"premium-woocommerce premium-woo-products-grid premium-woo-skin-grid-1 premium-woo-query-custom\" data-page-id=\"2922\" data-skin=\"grid_1\" data-quick-view=\"\"><div class=\"premium-woo-products-inner premium-woo-product__hover-bright\"><ul class=\"products columns-2\">\n\r\n<li class=\"post-3074 product first instock sale shipping-taxable purchasable product-type-variable\">\r\n\t<div class=\"premium-woo-product-wrapper premium-con-lq__none\">\r\n\t\t<div class=\"premium-woo-product-thumbnail\"><div class=\"premium-woo-ribbon-container\"><\/div><a href=\"https:\/\/martinidgn.com\/pl\/produkt\/bari-top-lime\/\" class=\"woocommerce-LoopProduct-link woocommerce-loop-product__link\"><img decoding=\"async\" src=\"https:\/\/martinidgn.com\/wp-content\/uploads\/2023\/05\/KSF_7656.webp\" alt=\"\"><\/a><\/div><div class=\"premium-woo-products-details-wrap\"><a href=\"https:\/\/martinidgn.com\/pl\/produkt\/bari-top-lime\/\" class=\"premium-woo-product__link\"><h2 class=\"woocommerce-loop-product__title\">Bari Top - Lime G\u00f3ra od bikini z wyjmowanymi wk\u0142adkami<\/h2><\/a>\n\t<span class=\"price\"><del aria-hidden=\"true\"><span class=\"woocommerce-Price-amount amount\"><bdi>159.00&nbsp;<span class=\"woocommerce-Price-currencySymbol\">&#122;&#322;<\/span><\/bdi><\/span><\/del> <span class=\"screen-reader-text\" data-no-translation=\"\" data-trp-gettext=\"\">Pierwotna cena wynosi\u0142a: 159.00&nbsp;&#122;&#322;.<\/span><ins aria-hidden=\"true\"><span class=\"woocommerce-Price-amount amount\"><bdi>99.00&nbsp;<span class=\"woocommerce-Price-currencySymbol\">&#122;&#322;<\/span><\/bdi><\/span><\/ins><span class=\"screen-reader-text\" data-no-translation=\"\" data-trp-gettext=\"\">Aktualna cena wynosi: 99.00&nbsp;&#122;&#322;.<\/span><\/span>\n<\/div>\t<\/div>\r\n<\/li>\r\n\r\n<li class=\"post-3043 product last instock sale shipping-taxable purchasable product-type-variable\">\r\n\t<div class=\"premium-woo-product-wrapper premium-con-lq__none\">\r\n\t\t<div class=\"premium-woo-product-thumbnail\"><div class=\"premium-woo-ribbon-container\"><\/div><a href=\"https:\/\/martinidgn.com\/pl\/produkt\/bari-bottom-lime\/\" class=\"woocommerce-LoopProduct-link woocommerce-loop-product__link\"><img decoding=\"async\" src=\"https:\/\/martinidgn.com\/wp-content\/uploads\/2023\/05\/KSF_7692.webp\" alt=\"\"><\/a><\/div><div class=\"premium-woo-products-details-wrap\"><a href=\"https:\/\/martinidgn.com\/pl\/produkt\/bari-bottom-lime\/\" class=\"premium-woo-product__link\"><h2 class=\"woocommerce-loop-product__title\">Bari D\u00f3\u0142 - Lime D\u00f3\u0142 k\u0105pielowy bikini tr\u00f3jk\u0105t<\/h2><\/a>\n\t<span class=\"price\"><del aria-hidden=\"true\"><span class=\"woocommerce-Price-amount amount\"><bdi>129.00&nbsp;<span class=\"woocommerce-Price-currencySymbol\">&#122;&#322;<\/span><\/bdi><\/span><\/del> <span class=\"screen-reader-text\" data-no-translation=\"\" data-trp-gettext=\"\">Pierwotna cena wynosi\u0142a: 129.00&nbsp;&#122;&#322;.<\/span><ins aria-hidden=\"true\"><span class=\"woocommerce-Price-amount amount\"><bdi>59.00&nbsp;<span class=\"woocommerce-Price-currencySymbol\">&#122;&#322;<\/span><\/bdi><\/span><\/ins><span class=\"screen-reader-text\" data-no-translation=\"\" data-trp-gettext=\"\">Aktualna cena wynosi: 59.00&nbsp;&#122;&#322;.<\/span><\/span>\n<\/div>\t<\/div>\r\n<\/li>\r\n<\/ul>\n<\/div><\/div>\t\t\t\t<\/div>\n\t\t\t\t<\/div>\n\t\t\t\t\t<\/div>\n\t\t<\/div>\n\t\t\t\t<div class=\"elementor-column elementor-col-50 elementor-top-column elementor-element elementor-element-6d2b9477\" data-id=\"6d2b9477\" data-element_type=\"column\">\n\t\t\t<div class=\"elementor-widget-wrap elementor-element-populated\">\n\t\t\t\t\t\t<div class=\"elementor-element elementor-element-1326526e premium-woo-product-align-left hover-details hide-section-desktop premium-qv-hidden-yes elementor-widget elementor-widget-premium-woo-products\" data-id=\"1326526e\" data-element_type=\"widget\" data-widget_type=\"premium-woo-products.grid-1\">\n\t\t\t\t<div class=\"elementor-widget-container\">\n\t\t\t\t\t\t\t<div class=\"premium-woo-empty\">\r\n\t\t\t<p><\/p>\r\n\t\t<\/div>\r\n\t\t\t\t\t\t<\/div>\n\t\t\t\t<\/div>\n\t\t\t\t\t<\/div>\n\t\t<\/div>\n\t\t\t\t\t<\/div>\n\t\t<\/section>\n\t\t\t\t<section class=\"elementor-section elementor-top-section elementor-element elementor-element-2bbbdea6 elementor-section-boxed elementor-section-height-default elementor-section-height-default wpr-particle-no wpr-jarallax-no wpr-parallax-no wpr-sticky-section-no\" data-id=\"2bbbdea6\" data-element_type=\"section\">\n\t\t\t\t\t\t<div class=\"elementor-container elementor-column-gap-default\">\n\t\t\t\t\t<div class=\"elementor-column elementor-col-50 elementor-top-column elementor-element elementor-element-5907acc1\" data-id=\"5907acc1\" data-element_type=\"column\">\n\t\t\t<div class=\"elementor-widget-wrap elementor-element-populated\">\n\t\t\t\t\t\t<div class=\"elementor-element elementor-element-40dbfee4 premium-woo-product-align-left hover-details hide-section-desktop premium-qv-hidden-yes elementor-widget elementor-widget-premium-woo-products\" data-id=\"40dbfee4\" data-element_type=\"widget\" data-widget_type=\"premium-woo-products.grid-1\">\n\t\t\t\t<div class=\"elementor-widget-container\">\n\t\t\t\t\t\t\t<div class=\"premium-woo-empty\">\r\n\t\t\t<p><\/p>\r\n\t\t<\/div>\r\n\t\t\t\t\t\t<\/div>\n\t\t\t\t<\/div>\n\t\t\t\t\t<\/div>\n\t\t<\/div>\n\t\t\t\t<div class=\"elementor-column elementor-col-50 elementor-top-column elementor-element elementor-element-707cccbd\" data-id=\"707cccbd\" data-element_type=\"column\">\n\t\t\t<div class=\"elementor-widget-wrap elementor-element-populated\">\n\t\t\t\t\t\t<div class=\"elementor-element elementor-element-29d5dc03 premium-woo-product-align-left elementor-widget__width-inherit hover-details hide-section-desktop premium-qv-hidden-yes elementor-widget elementor-widget-premium-woo-products\" data-id=\"29d5dc03\" data-element_type=\"widget\" data-widget_type=\"premium-woo-products.grid-1\">\n\t\t\t\t<div class=\"elementor-widget-container\">\n\t\t\t\t\t\t\t<div class=\"premium-woo-empty\">\r\n\t\t\t<p><\/p>\r\n\t\t<\/div>\r\n\t\t\t\t\t\t<\/div>\n\t\t\t\t<\/div>\n\t\t\t\t\t<\/div>\n\t\t<\/div>\n\t\t\t\t\t<\/div>\n\t\t<\/section>\n\t\t\t\t<section class=\"elementor-section elementor-top-section elementor-element elementor-element-13d515f0 elementor-section-boxed elementor-section-height-default elementor-section-height-default wpr-particle-no wpr-jarallax-no wpr-parallax-no wpr-sticky-section-no\" data-id=\"13d515f0\" data-element_type=\"section\">\n\t\t\t\t\t\t<div class=\"elementor-container elementor-column-gap-default\">\n\t\t\t\t\t<div class=\"elementor-column elementor-col-100 elementor-top-column elementor-element elementor-element-c00954b\" data-id=\"c00954b\" data-element_type=\"column\">\n\t\t\t<div class=\"elementor-widget-wrap elementor-element-populated\">\n\t\t\t\t\t\t<div class=\"elementor-element elementor-element-2534cc47 premium-woo-product-align-left elementor-widget__width-inherit hover-details hide-section-desktop premium-qv-hidden-yes elementor-widget elementor-widget-premium-woo-products\" data-id=\"2534cc47\" data-element_type=\"widget\" data-widget_type=\"premium-woo-products.grid-1\">\n\t\t\t\t<div class=\"elementor-widget-container\">\n\t\t\t\t\t\t\t<div class=\"premium-woo-empty\">\r\n\t\t\t<p><\/p>\r\n\t\t<\/div>\r\n\t\t\t\t\t\t<\/div>\n\t\t\t\t<\/div>\n\t\t\t\t\t<\/div>\n\t\t<\/div>\n\t\t\t\t\t<\/div>\n\t\t<\/section>\n\t\t\t\t<\/div>","protected":false},"excerpt":{"rendered":"<p>Promocje There are currently no products<\/p>","protected":false},"author":1,"featured_media":0,"parent":0,"menu_order":0,"comment_status":"closed","ping_status":"closed","template":"elementor_canvas","meta":{"footnotes":""},"class_list":["post-2922","page","type-page","status-publish","hentry"],"yoast_head":"<!-- This site is optimized with the Yoast SEO plugin v25.5 - https:\/\/yoast.com\/wordpress\/plugins\/seo\/ -->\n<title>Sale - Martini Design - Eco Swimwear and Activewear<\/title>\n<meta name=\"description\" content=\"Martini Design offers eco-friendly swimwear and activewear produced in Poland. Our products are made from eco-friendly ECONYL\u00ae fiber, sourced from recycled materials, including reclaimed marine waste. SALE.\" \/>\n<meta name=\"robots\" content=\"index, follow, max-snippet:-1, max-image-preview:large, max-video-preview:-1\" \/>\n<link rel=\"canonical\" href=\"https:\/\/martinidgn.com\/pl\/sale\/\" \/>\n<meta property=\"og:locale\" content=\"pl_PL\" \/>\n<meta property=\"og:type\" content=\"article\" \/>\n<meta property=\"og:title\" content=\"Sale - Martini Design - Eco Swimwear and Activewear\" \/>\n<meta property=\"og:description\" content=\"Martini Design offers eco-friendly swimwear and activewear produced in Poland. Our products are made from eco-friendly ECONYL\u00ae fiber, sourced from recycled materials, including reclaimed marine waste. SALE.\" \/>\n<meta property=\"og:url\" content=\"https:\/\/martinidgn.com\/pl\/sale\/\" \/>\n<meta property=\"og:site_name\" content=\"Martini Design - fashion swimwear &amp; swimsuits | eco | ergonomic clothes | Polish designer\" \/>\n<meta property=\"article:publisher\" content=\"https:\/\/www.facebook.com\/martinidgn\" \/>\n<meta property=\"article:modified_time\" content=\"2026-03-16T12:57:42+00:00\" \/>\n<meta name=\"twitter:card\" content=\"summary_large_image\" \/>\n<meta name=\"twitter:label1\" content=\"Szacowany czas czytania\" \/>\n\t<meta name=\"twitter:data1\" content=\"1 minuta\" \/>\n<script type=\"application\/ld+json\" class=\"yoast-schema-graph\">{\"@context\":\"https:\/\/schema.org\",\"@graph\":[{\"@type\":\"WebPage\",\"@id\":\"https:\/\/martinidgn.com\/sale\/\",\"url\":\"https:\/\/martinidgn.com\/sale\/\",\"name\":\"Sale - Martini Design - Eco Swimwear and Activewear\",\"isPartOf\":{\"@id\":\"https:\/\/martinidgn.com\/#website\"},\"datePublished\":\"2023-04-30T08:00:45+00:00\",\"dateModified\":\"2026-03-16T12:57:42+00:00\",\"description\":\"Martini Design offers eco-friendly swimwear and activewear produced in Poland. Our products are made from eco-friendly ECONYL\u00ae fiber, sourced from recycled materials, including reclaimed marine waste. SALE.\",\"breadcrumb\":{\"@id\":\"https:\/\/martinidgn.com\/sale\/#breadcrumb\"},\"inLanguage\":\"pl-PL\",\"potentialAction\":[{\"@type\":\"ReadAction\",\"target\":[\"https:\/\/martinidgn.com\/sale\/\"]}]},{\"@type\":\"BreadcrumbList\",\"@id\":\"https:\/\/martinidgn.com\/sale\/#breadcrumb\",\"itemListElement\":[{\"@type\":\"ListItem\",\"position\":1,\"name\":\"Home\",\"item\":\"https:\/\/martinidgn.com\/\"},{\"@type\":\"ListItem\",\"position\":2,\"name\":\"SALE\"}]},{\"@type\":\"WebSite\",\"@id\":\"https:\/\/martinidgn.com\/#website\",\"url\":\"https:\/\/martinidgn.com\/\",\"name\":\"Martini Design - fashion swimwear | swimsuits | eco | ergonomic clothes | Polish designer\",\"description\":\"\",\"publisher\":{\"@id\":\"https:\/\/martinidgn.com\/#organization\"},\"potentialAction\":[{\"@type\":\"SearchAction\",\"target\":{\"@type\":\"EntryPoint\",\"urlTemplate\":\"https:\/\/martinidgn.com\/?s={search_term_string}\"},\"query-input\":{\"@type\":\"PropertyValueSpecification\",\"valueRequired\":true,\"valueName\":\"search_term_string\"}}],\"inLanguage\":\"pl-PL\"},{\"@type\":\"Organization\",\"@id\":\"https:\/\/martinidgn.com\/#organization\",\"name\":\"Martini Design - fashion swimwear | swimsuits | eco | ergonomic clothes | Polish designer\",\"url\":\"https:\/\/martinidgn.com\/\",\"logo\":{\"@type\":\"ImageObject\",\"inLanguage\":\"pl-PL\",\"@id\":\"https:\/\/martinidgn.com\/#\/schema\/logo\/image\/\",\"url\":\"https:\/\/martinidgn.com\/wp-content\/uploads\/2023\/02\/LOGO-STRONA-BASIC.jpg\",\"contentUrl\":\"https:\/\/martinidgn.com\/wp-content\/uploads\/2023\/02\/LOGO-STRONA-BASIC.jpg\",\"width\":415,\"height\":415,\"caption\":\"Martini Design - fashion swimwear | swimsuits | eco | ergonomic clothes | Polish designer\"},\"image\":{\"@id\":\"https:\/\/martinidgn.com\/#\/schema\/logo\/image\/\"},\"sameAs\":[\"https:\/\/www.facebook.com\/martinidgn\",\"https:\/\/www.instagram.com\/martinidgn\/\",\"https:\/\/pl.pinterest.com\/martinidgn\/\"]}]}<\/script>\n<!-- \/ Yoast SEO plugin. -->","yoast_head_json":{"title":"Sale - Martini Design - Eco Swimwear and Activewear","description":"Martini Design offers eco-friendly swimwear and activewear produced in Poland. Our products are made from eco-friendly ECONYL\u00ae fiber, sourced from recycled materials, including reclaimed marine waste. SALE.","robots":{"index":"index","follow":"follow","max-snippet":"max-snippet:-1","max-image-preview":"max-image-preview:large","max-video-preview":"max-video-preview:-1"},"canonical":"https:\/\/martinidgn.com\/pl\/sale\/","og_locale":"pl_PL","og_type":"article","og_title":"Sale - Martini Design - Eco Swimwear and Activewear","og_description":"Martini Design offers eco-friendly swimwear and activewear produced in Poland. Our products are made from eco-friendly ECONYL\u00ae fiber, sourced from recycled materials, including reclaimed marine waste. SALE.","og_url":"https:\/\/martinidgn.com\/pl\/sale\/","og_site_name":"Martini Design - fashion swimwear &amp; swimsuits | eco | ergonomic clothes | Polish designer","article_publisher":"https:\/\/www.facebook.com\/martinidgn","article_modified_time":"2026-03-16T12:57:42+00:00","twitter_card":"summary_large_image","twitter_misc":{"Szacowany czas czytania":"1 minuta"},"schema":{"@context":"https:\/\/schema.org","@graph":[{"@type":"WebPage","@id":"https:\/\/martinidgn.com\/sale\/","url":"https:\/\/martinidgn.com\/sale\/","name":"Sale - Martini Design - Eco Swimwear and Activewear","isPartOf":{"@id":"https:\/\/martinidgn.com\/#website"},"datePublished":"2023-04-30T08:00:45+00:00","dateModified":"2026-03-16T12:57:42+00:00","description":"Martini Design offers eco-friendly swimwear and activewear produced in Poland. Our products are made from eco-friendly ECONYL\u00ae fiber, sourced from recycled materials, including reclaimed marine waste. SALE.","breadcrumb":{"@id":"https:\/\/martinidgn.com\/sale\/#breadcrumb"},"inLanguage":"pl-PL","potentialAction":[{"@type":"ReadAction","target":["https:\/\/martinidgn.com\/sale\/"]}]},{"@type":"BreadcrumbList","@id":"https:\/\/martinidgn.com\/sale\/#breadcrumb","itemListElement":[{"@type":"ListItem","position":1,"name":"Home","item":"https:\/\/martinidgn.com\/"},{"@type":"ListItem","position":2,"name":"SALE"}]},{"@type":"WebSite","@id":"https:\/\/martinidgn.com\/#website","url":"https:\/\/martinidgn.com\/","name":"Martini Design - fashion swimwear | swimsuits | eco | ergonomic clothes | Polish designer","description":"","publisher":{"@id":"https:\/\/martinidgn.com\/#organization"},"potentialAction":[{"@type":"SearchAction","target":{"@type":"EntryPoint","urlTemplate":"https:\/\/martinidgn.com\/?s={search_term_string}"},"query-input":{"@type":"PropertyValueSpecification","valueRequired":true,"valueName":"search_term_string"}}],"inLanguage":"pl-PL"},{"@type":"Organization","@id":"https:\/\/martinidgn.com\/#organization","name":"Martini Design - fashion swimwear | swimsuits | eco | ergonomic clothes | Polish designer","url":"https:\/\/martinidgn.com\/","logo":{"@type":"ImageObject","inLanguage":"pl-PL","@id":"https:\/\/martinidgn.com\/#\/schema\/logo\/image\/","url":"https:\/\/martinidgn.com\/wp-content\/uploads\/2023\/02\/LOGO-STRONA-BASIC.jpg","contentUrl":"https:\/\/martinidgn.com\/wp-content\/uploads\/2023\/02\/LOGO-STRONA-BASIC.jpg","width":415,"height":415,"caption":"Martini Design - fashion swimwear | swimsuits | eco | ergonomic clothes | Polish designer"},"image":{"@id":"https:\/\/martinidgn.com\/#\/schema\/logo\/image\/"},"sameAs":["https:\/\/www.facebook.com\/martinidgn","https:\/\/www.instagram.com\/martinidgn\/","https:\/\/pl.pinterest.com\/martinidgn\/"]}]}},"_links":{"self":[{"href":"https:\/\/martinidgn.com\/pl\/wp-json\/wp\/v2\/pages\/2922","targetHints":{"allow":["GET"]}}],"collection":[{"href":"https:\/\/martinidgn.com\/pl\/wp-json\/wp\/v2\/pages"}],"about":[{"href":"https:\/\/martinidgn.com\/pl\/wp-json\/wp\/v2\/types\/page"}],"author":[{"embeddable":true,"href":"https:\/\/martinidgn.com\/pl\/wp-json\/wp\/v2\/users\/1"}],"replies":[{"embeddable":true,"href":"https:\/\/martinidgn.com\/pl\/wp-json\/wp\/v2\/comments?post=2922"}],"version-history":[{"count":0,"href":"https:\/\/martinidgn.com\/pl\/wp-json\/wp\/v2\/pages\/2922\/revisions"}],"wp:attachment":[{"href":"https:\/\/martinidgn.com\/pl\/wp-json\/wp\/v2\/media?parent=2922"}],"curies":[{"name":"wp","href":"https:\/\/api.w.org\/{rel}","templated":true}]}}