{"id":3321,"date":"2023-05-05T21:56:47","date_gmt":"2023-05-05T19:56:47","guid":{"rendered":"https:\/\/serwer2237875.home.pl\/md\/?page_id=3321"},"modified":"2026-03-16T13:20:30","modified_gmt":"2026-03-16T12:20:30","slug":"swimsuits","status":"publish","type":"page","link":"https:\/\/martinidgn.com\/pl\/swimsuits\/","title":{"rendered":"JEDNOCZ\u0118\u015aCIOWE"},"content":{"rendered":"<div data-elementor-type=\"wp-page\" data-elementor-id=\"3321\" class=\"elementor elementor-3321\">\n\t\t\t\t\t\t<section class=\"elementor-section elementor-top-section elementor-element elementor-element-8b5c389 elementor-section-boxed elementor-section-height-default elementor-section-height-default wpr-particle-no wpr-jarallax-no wpr-parallax-no wpr-sticky-section-no\" data-id=\"8b5c389\" data-element_type=\"section\">\n\t\t\t\t\t\t<div class=\"elementor-container elementor-column-gap-default\">\n\t\t\t\t\t<div class=\"elementor-column elementor-col-100 elementor-top-column elementor-element elementor-element-55f8dcf\" data-id=\"55f8dcf\" data-element_type=\"column\">\n\t\t\t<div class=\"elementor-widget-wrap elementor-element-populated\">\n\t\t\t\t\t\t<div class=\"elementor-element elementor-element-98d1116 page-title elementor-widget elementor-widget-heading\" data-id=\"98d1116\" data-element_type=\"widget\" data-no-translation=\"\" data-widget_type=\"heading.default\">\n\t\t\t\t<div class=\"elementor-widget-container\">\n\t\t\t\t\t<style>.elementor-element-98d1116{display:none !important}<\/style>\t\t\t\t<\/div>\n\t\t\t\t<\/div>\n\t\t\t\t<div class=\"elementor-element elementor-element-c0fa233 page-title elementor-widget elementor-widget-heading\" data-id=\"c0fa233\" data-element_type=\"widget\" data-no-translation=\"\" data-widget_type=\"heading.default\">\n\t\t\t\t<div class=\"elementor-widget-container\">\n\t\t\t\t\t<h1 class=\"elementor-heading-title elementor-size-default\">Jednocz\u0119\u015bciowe<\/h1>\t\t\t\t<\/div>\n\t\t\t\t<\/div>\n\t\t\t\t\t<\/div>\n\t\t<\/div>\n\t\t\t\t\t<\/div>\n\t\t<\/section>\n\t\t\t\t<section class=\"elementor-section elementor-top-section elementor-element elementor-element-35d1c7b9 elementor-hidden-mobile elementor-section-boxed elementor-section-height-default elementor-section-height-default wpr-particle-no wpr-jarallax-no wpr-parallax-no wpr-sticky-section-no\" data-id=\"35d1c7b9\" data-element_type=\"section\">\n\t\t\t\t\t\t<div class=\"elementor-container elementor-column-gap-default\">\n\t\t\t\t\t<div class=\"elementor-column elementor-col-50 elementor-top-column elementor-element elementor-element-22491744\" data-id=\"22491744\" data-element_type=\"column\">\n\t\t\t<div class=\"elementor-widget-wrap elementor-element-populated\">\n\t\t\t\t\t\t<div class=\"elementor-element elementor-element-462cf400 premium-woo-product-align-left elementor-widget__width-inherit hover-details hide-section-desktop premium-qv-hidden-yes elementor-widget elementor-widget-premium-woo-products\" data-id=\"462cf400\" data-element_type=\"widget\" data-widget_type=\"premium-woo-products.grid-1\">\n\t\t\t\t<div class=\"elementor-widget-container\">\n\t\t\t\t\t<div class=\"premium-woocommerce premium-woo-products-grid premium-woo-skin-grid-1 premium-woo-query-custom\" data-page-id=\"3321\" data-skin=\"grid_1\" data-quick-view=\"\"><div class=\"premium-woo-products-inner premium-woo-product__hover-bright\"><ul class=\"products columns-2\">\n\r\n<li class=\"post-3246 product first instock shipping-taxable purchasable product-type-variable\">\r\n\t<div class=\"premium-woo-product-wrapper premium-con-lq__none\">\r\n\t\t<div class=\"premium-woo-product-thumbnail\"><a href=\"https:\/\/martinidgn.com\/pl\/produkt\/melfi\/\" class=\"woocommerce-LoopProduct-link woocommerce-loop-product__link\"><img decoding=\"async\" src=\"https:\/\/martinidgn.com\/wp-content\/uploads\/2023\/05\/KSF_7776-scaled.jpg\" alt=\"\"><\/a><\/div><div class=\"premium-woo-products-details-wrap\"><a href=\"https:\/\/martinidgn.com\/pl\/produkt\/melfi\/\" class=\"premium-woo-product__link\"><h2 class=\"woocommerce-loop-product__title\">Melfi Swim &amp; Surf Suit - Simple Black Kostium sportowy jednocz\u0119\u015bciowy<\/h2><\/a>\n\t<span class=\"price\"><span class=\"woocommerce-Price-amount amount\"><bdi>599.00&nbsp;<span class=\"woocommerce-Price-currencySymbol\">&#122;&#322;<\/span><\/bdi><\/span><\/span>\n<\/div>\t<\/div>\r\n<\/li>\r\n\r\n<li class=\"post-3237 product last instock shipping-taxable purchasable product-type-variable\">\r\n\t<div class=\"premium-woo-product-wrapper premium-con-lq__none\">\r\n\t\t<div class=\"premium-woo-product-thumbnail\"><a href=\"https:\/\/martinidgn.com\/pl\/produkt\/nora\/\" class=\"woocommerce-LoopProduct-link woocommerce-loop-product__link\"><img decoding=\"async\" src=\"https:\/\/martinidgn.com\/wp-content\/uploads\/2023\/05\/KSF_7755-scaled.jpg\" alt=\"\"><\/a><\/div><div class=\"premium-woo-products-details-wrap\"><a href=\"https:\/\/martinidgn.com\/pl\/produkt\/nora\/\" class=\"premium-woo-product__link\"><h2 class=\"woocommerce-loop-product__title\">Nora Swim &amp; Surf Suit - Simple Black Kostium k\u0105pielowy jednocz\u0119\u015bciowy<\/h2><\/a>\n\t<span class=\"price\"><span class=\"woocommerce-Price-amount amount\"><bdi>495.00&nbsp;<span class=\"woocommerce-Price-currencySymbol\">&#122;&#322;<\/span><\/bdi><\/span><\/span>\n<\/div>\t<\/div>\r\n<\/li>\r\n\r\n<li class=\"post-3229 product first instock shipping-taxable purchasable product-type-variable\">\r\n\t<div class=\"premium-woo-product-wrapper premium-con-lq__none\">\r\n\t\t<div class=\"premium-woo-product-thumbnail\"><a href=\"https:\/\/martinidgn.com\/pl\/produkt\/bosa\/\" class=\"woocommerce-LoopProduct-link woocommerce-loop-product__link\"><img decoding=\"async\" src=\"https:\/\/martinidgn.com\/wp-content\/uploads\/2023\/05\/KSF_8011-scaled.jpg\" alt=\"\"><\/a><\/div><div class=\"premium-woo-products-details-wrap\"><a href=\"https:\/\/martinidgn.com\/pl\/produkt\/bosa\/\" class=\"premium-woo-product__link\"><h2 class=\"woocommerce-loop-product__title\">Bosa Swim &amp; Surf Suit - Simple Black Kostium k\u0105pielowy jednocz\u0119\u015bciowy<\/h2><\/a>\n\t<span class=\"price\"><span class=\"woocommerce-Price-amount amount\"><bdi>399.00&nbsp;<span class=\"woocommerce-Price-currencySymbol\">&#122;&#322;<\/span><\/bdi><\/span><\/span>\n<\/div>\t<\/div>\r\n<\/li>\r\n\r\n<li class=\"post-3213 product last instock shipping-taxable purchasable product-type-variable\">\r\n\t<div class=\"premium-woo-product-wrapper premium-con-lq__none\">\r\n\t\t<div class=\"premium-woo-product-thumbnail\"><a href=\"https:\/\/martinidgn.com\/pl\/produkt\/palermo\/\" class=\"woocommerce-LoopProduct-link woocommerce-loop-product__link\"><img decoding=\"async\" src=\"https:\/\/martinidgn.com\/wp-content\/uploads\/2023\/05\/KSF_8420-scaled.jpg\" alt=\"\"><\/a><\/div><div class=\"premium-woo-products-details-wrap\"><a href=\"https:\/\/martinidgn.com\/pl\/produkt\/palermo\/\" class=\"premium-woo-product__link\"><h2 class=\"woocommerce-loop-product__title\">Palermo Swimsuit &#8211; Simple Black Backless one-piece swimsuit<\/h2><\/a>\n\t<span class=\"price\"><span class=\"woocommerce-Price-amount amount\"><bdi>349.00&nbsp;<span class=\"woocommerce-Price-currencySymbol\">&#122;&#322;<\/span><\/bdi><\/span><\/span>\n<\/div>\t<\/div>\r\n<\/li>\r\n<\/ul>\n<\/div><\/div>\t\t\t\t<\/div>\n\t\t\t\t<\/div>\n\t\t\t\t\t<\/div>\n\t\t<\/div>\n\t\t\t\t<div class=\"elementor-column elementor-col-50 elementor-top-column elementor-element elementor-element-3d0b3241\" data-id=\"3d0b3241\" data-element_type=\"column\">\n\t\t\t<div class=\"elementor-widget-wrap elementor-element-populated\">\n\t\t\t\t\t\t<div class=\"elementor-element elementor-element-54f0ab29 premium-woo-product-align-left hover-details hide-section-desktop premium-qv-hidden-yes elementor-widget elementor-widget-premium-woo-products\" data-id=\"54f0ab29\" data-element_type=\"widget\" data-widget_type=\"premium-woo-products.grid-1\">\n\t\t\t\t<div class=\"elementor-widget-container\">\n\t\t\t\t\t<div class=\"premium-woocommerce premium-woo-products-grid premium-woo-skin-grid-1 premium-woo-query-custom\" data-page-id=\"3321\" data-skin=\"grid_1\" data-quick-view=\"\"><div class=\"premium-woo-products-inner premium-woo-product__hover-bright\"><ul class=\"products columns-1\">\n\r\n<li class=\"post-3069 product first instock shipping-taxable purchasable product-type-variable\">\r\n\t<div class=\"premium-woo-product-wrapper premium-con-lq__none\">\r\n\t\t<div class=\"premium-woo-product-thumbnail\"><a href=\"https:\/\/martinidgn.com\/pl\/produkt\/lecci\/\" class=\"woocommerce-LoopProduct-link woocommerce-loop-product__link\"><img decoding=\"async\" src=\"https:\/\/martinidgn.com\/wp-content\/uploads\/2023\/05\/KSF_8310-scaled.jpg\" alt=\"\"><\/a><\/div><div class=\"premium-woo-products-details-wrap\"><a href=\"https:\/\/martinidgn.com\/pl\/produkt\/lecci\/\" class=\"premium-woo-product__link\"><h2 class=\"woocommerce-loop-product__title\">Lecci - Simple Black Kostium k\u0105pielowy na jedno rami\u0119 z wyjmowanymi wk\u0142adkami<\/h2><\/a>\n\t<span class=\"price\"><span class=\"woocommerce-Price-amount amount\"><bdi>299.00&nbsp;<span class=\"woocommerce-Price-currencySymbol\">&#122;&#322;<\/span><\/bdi><\/span><\/span>\n<\/div>\t<\/div>\r\n<\/li>\r\n<\/ul>\n<\/div><\/div>\t\t\t\t<\/div>\n\t\t\t\t<\/div>\n\t\t\t\t\t<\/div>\n\t\t<\/div>\n\t\t\t\t\t<\/div>\n\t\t<\/section>\n\t\t\t\t<section class=\"elementor-section elementor-top-section elementor-element elementor-element-ebb1798 elementor-hidden-desktop elementor-hidden-tablet hide-section-mobile elementor-section-boxed elementor-section-height-default elementor-section-height-default wpr-particle-no wpr-jarallax-no wpr-parallax-no wpr-sticky-section-no\" data-id=\"ebb1798\" data-element_type=\"section\">\n\t\t\t\t\t\t<div class=\"elementor-container elementor-column-gap-default\">\n\t\t\t\t\t<div class=\"elementor-column elementor-col-100 elementor-top-column elementor-element elementor-element-c291ec3\" data-id=\"c291ec3\" data-element_type=\"column\">\n\t\t\t<div class=\"elementor-widget-wrap elementor-element-populated\">\n\t\t\t\t\t\t<div class=\"elementor-element elementor-element-f154e95 premium-woo-product-align-left elementor-widget__width-inherit premium-qv-hidden-yes elementor-widget elementor-widget-premium-woo-products\" data-id=\"f154e95\" data-element_type=\"widget\" data-widget_type=\"premium-woo-products.grid-1\">\n\t\t\t\t<div class=\"elementor-widget-container\">\n\t\t\t\t\t<div class=\"premium-woocommerce premium-woo-products-grid premium-woo-skin-grid-1 premium-woo-query-custom\" data-page-id=\"3321\" data-skin=\"grid_1\" data-quick-view=\"\"><div class=\"premium-woo-products-inner premium-woo-product__hover-bright\"><ul class=\"products columns-2\">\n\r\n<li class=\"post-3246 product first instock shipping-taxable purchasable product-type-variable\">\r\n\t<div class=\"premium-woo-product-wrapper premium-con-lq__none\">\r\n\t\t<div class=\"premium-woo-product-thumbnail\"><a href=\"https:\/\/martinidgn.com\/pl\/produkt\/melfi\/\" class=\"woocommerce-LoopProduct-link woocommerce-loop-product__link\"><img decoding=\"async\" src=\"https:\/\/martinidgn.com\/wp-content\/uploads\/2023\/05\/KSF_7776-scaled.jpg\" alt=\"\"><\/a><\/div><div class=\"premium-woo-products-details-wrap\"><a href=\"https:\/\/martinidgn.com\/pl\/produkt\/melfi\/\" class=\"premium-woo-product__link\"><h2 class=\"woocommerce-loop-product__title\">Melfi Swim &amp; Surf Suit - Simple Black Kostium sportowy jednocz\u0119\u015bciowy<\/h2><\/a>\n\t<span class=\"price\"><span class=\"woocommerce-Price-amount amount\"><bdi>599.00&nbsp;<span class=\"woocommerce-Price-currencySymbol\">&#122;&#322;<\/span><\/bdi><\/span><\/span>\n<\/div>\t<\/div>\r\n<\/li>\r\n\r\n<li class=\"post-3237 product last instock shipping-taxable purchasable product-type-variable\">\r\n\t<div class=\"premium-woo-product-wrapper premium-con-lq__none\">\r\n\t\t<div class=\"premium-woo-product-thumbnail\"><a href=\"https:\/\/martinidgn.com\/pl\/produkt\/nora\/\" class=\"woocommerce-LoopProduct-link woocommerce-loop-product__link\"><img decoding=\"async\" src=\"https:\/\/martinidgn.com\/wp-content\/uploads\/2023\/05\/KSF_7755-scaled.jpg\" alt=\"\"><\/a><\/div><div class=\"premium-woo-products-details-wrap\"><a href=\"https:\/\/martinidgn.com\/pl\/produkt\/nora\/\" class=\"premium-woo-product__link\"><h2 class=\"woocommerce-loop-product__title\">Nora Swim &amp; Surf Suit - Simple Black Kostium k\u0105pielowy jednocz\u0119\u015bciowy<\/h2><\/a>\n\t<span class=\"price\"><span class=\"woocommerce-Price-amount amount\"><bdi>495.00&nbsp;<span class=\"woocommerce-Price-currencySymbol\">&#122;&#322;<\/span><\/bdi><\/span><\/span>\n<\/div>\t<\/div>\r\n<\/li>\r\n\r\n<li class=\"post-3229 product first instock shipping-taxable purchasable product-type-variable\">\r\n\t<div class=\"premium-woo-product-wrapper premium-con-lq__none\">\r\n\t\t<div class=\"premium-woo-product-thumbnail\"><a href=\"https:\/\/martinidgn.com\/pl\/produkt\/bosa\/\" class=\"woocommerce-LoopProduct-link woocommerce-loop-product__link\"><img decoding=\"async\" src=\"https:\/\/martinidgn.com\/wp-content\/uploads\/2023\/05\/KSF_8011-scaled.jpg\" alt=\"\"><\/a><\/div><div class=\"premium-woo-products-details-wrap\"><a href=\"https:\/\/martinidgn.com\/pl\/produkt\/bosa\/\" class=\"premium-woo-product__link\"><h2 class=\"woocommerce-loop-product__title\">Bosa Swim &amp; Surf Suit - Simple Black Kostium k\u0105pielowy jednocz\u0119\u015bciowy<\/h2><\/a>\n\t<span class=\"price\"><span class=\"woocommerce-Price-amount amount\"><bdi>399.00&nbsp;<span class=\"woocommerce-Price-currencySymbol\">&#122;&#322;<\/span><\/bdi><\/span><\/span>\n<\/div>\t<\/div>\r\n<\/li>\r\n\r\n<li class=\"post-3213 product last instock shipping-taxable purchasable product-type-variable\">\r\n\t<div class=\"premium-woo-product-wrapper premium-con-lq__none\">\r\n\t\t<div class=\"premium-woo-product-thumbnail\"><a href=\"https:\/\/martinidgn.com\/pl\/produkt\/palermo\/\" class=\"woocommerce-LoopProduct-link woocommerce-loop-product__link\"><img decoding=\"async\" src=\"https:\/\/martinidgn.com\/wp-content\/uploads\/2023\/05\/KSF_8420-scaled.jpg\" alt=\"\"><\/a><\/div><div class=\"premium-woo-products-details-wrap\"><a href=\"https:\/\/martinidgn.com\/pl\/produkt\/palermo\/\" class=\"premium-woo-product__link\"><h2 class=\"woocommerce-loop-product__title\">Palermo Swimsuit &#8211; Simple Black Backless one-piece swimsuit<\/h2><\/a>\n\t<span class=\"price\"><span class=\"woocommerce-Price-amount amount\"><bdi>349.00&nbsp;<span class=\"woocommerce-Price-currencySymbol\">&#122;&#322;<\/span><\/bdi><\/span><\/span>\n<\/div>\t<\/div>\r\n<\/li>\r\n\r\n<li class=\"post-3069 product first instock shipping-taxable purchasable product-type-variable\">\r\n\t<div class=\"premium-woo-product-wrapper premium-con-lq__none\">\r\n\t\t<div class=\"premium-woo-product-thumbnail\"><a href=\"https:\/\/martinidgn.com\/pl\/produkt\/lecci\/\" class=\"woocommerce-LoopProduct-link woocommerce-loop-product__link\"><img decoding=\"async\" src=\"https:\/\/martinidgn.com\/wp-content\/uploads\/2023\/05\/KSF_8310-scaled.jpg\" alt=\"\"><\/a><\/div><div class=\"premium-woo-products-details-wrap\"><a href=\"https:\/\/martinidgn.com\/pl\/produkt\/lecci\/\" class=\"premium-woo-product__link\"><h2 class=\"woocommerce-loop-product__title\">Lecci - Simple Black Kostium k\u0105pielowy na jedno rami\u0119 z wyjmowanymi wk\u0142adkami<\/h2><\/a>\n\t<span class=\"price\"><span class=\"woocommerce-Price-amount amount\"><bdi>299.00&nbsp;<span class=\"woocommerce-Price-currencySymbol\">&#122;&#322;<\/span><\/bdi><\/span><\/span>\n<\/div>\t<\/div>\r\n<\/li>\r\n<\/ul>\n<\/div><\/div>\t\t\t\t<\/div>\n\t\t\t\t<\/div>\n\t\t\t\t\t<\/div>\n\t\t<\/div>\n\t\t\t\t\t<\/div>\n\t\t<\/section>\n\t\t\t\t<\/div>","protected":false},"excerpt":{"rendered":"<p>Jednocz\u0119\u015bciowe Melfi Swim &#038; Surf Suit &#8211; Simple Black One piece swimsuit 599.00&nbsp;&#122;&#322; Nora Swim &#038; Surf Suit &#8211; Simple Black One piece swimsuit 495.00&nbsp;&#122;&#322; Bosa Swim &#038; Surf Suit &#8211; Simple Black One piece swimsuit 399.00&nbsp;&#122;&#322; Palermo Swimsuit &#8211; Simple Black Backless one-piece swimsuit 349.00&nbsp;&#122;&#322; Lecci &#8211; Simple Black One shoulder swimsuit with removable pads 299.00&nbsp;&#122;&#322; Melfi Swim &#038; Surf Suit &#8211; Simple Black One piece swimsuit 599.00&nbsp;&#122;&#322; Nora Swim &#038; Surf Suit &#8211; Simple Black One piece swimsuit 495.00&nbsp;&#122;&#322; Bosa Swim &#038; Surf Suit &#8211; Simple Black One piece swimsuit 399.00&nbsp;&#122;&#322; Palermo Swimsuit &#8211; Simple Black Backless one-piece swimsuit 349.00&nbsp;&#122;&#322; Lecci &#8211; Simple Black One shoulder swimsuit with removable pads 299.00&nbsp;&#122;&#322;<\/p>","protected":false},"author":1,"featured_media":0,"parent":0,"menu_order":0,"comment_status":"closed","ping_status":"closed","template":"elementor_canvas","meta":{"footnotes":""},"class_list":["post-3321","page","type-page","status-publish","hentry"],"yoast_head":"<!-- This site is optimized with the Yoast SEO plugin v25.5 - https:\/\/yoast.com\/wordpress\/plugins\/seo\/ -->\n<title>Swimsuits - Martini Design - Eco Swimwear and Activewear<\/title>\n<meta name=\"description\" content=\"Martini Design offers eco-friendly swimsuits and activewear produced in Poland. Our products are made from eco-friendly ECONYL\u00ae fiber, sourced from recycled materials, including reclaimed marine waste. Check our products.\" \/>\n<meta name=\"robots\" content=\"index, follow, max-snippet:-1, max-image-preview:large, max-video-preview:-1\" \/>\n<link rel=\"canonical\" href=\"https:\/\/martinidgn.com\/pl\/swimsuits\/\" \/>\n<meta property=\"og:locale\" content=\"pl_PL\" \/>\n<meta property=\"og:type\" content=\"article\" \/>\n<meta property=\"og:title\" content=\"Swimsuits - Martini Design - Eco Swimwear and Activewear\" \/>\n<meta property=\"og:description\" content=\"Martini Design offers eco-friendly swimsuits and activewear produced in Poland. Our products are made from eco-friendly ECONYL\u00ae fiber, sourced from recycled materials, including reclaimed marine waste. Check our products.\" \/>\n<meta property=\"og:url\" content=\"https:\/\/martinidgn.com\/pl\/swimsuits\/\" \/>\n<meta property=\"og:site_name\" content=\"Martini Design - fashion swimwear &amp; swimsuits | eco | ergonomic clothes | Polish designer\" \/>\n<meta property=\"article:publisher\" content=\"https:\/\/www.facebook.com\/martinidgn\" \/>\n<meta property=\"article:modified_time\" content=\"2026-03-16T12:20:30+00:00\" \/>\n<meta property=\"og:image\" content=\"https:\/\/martinidgn.com\/wp-content\/uploads\/2023\/05\/KSF_7776-scaled.jpg\" \/>\n<meta name=\"twitter:card\" content=\"summary_large_image\" \/>\n<meta name=\"twitter:label1\" content=\"Szacowany czas czytania\" \/>\n\t<meta name=\"twitter:data1\" content=\"3 minuty\" \/>\n<script type=\"application\/ld+json\" class=\"yoast-schema-graph\">{\"@context\":\"https:\/\/schema.org\",\"@graph\":[{\"@type\":\"WebPage\",\"@id\":\"https:\/\/martinidgn.com\/swimsuits\/\",\"url\":\"https:\/\/martinidgn.com\/swimsuits\/\",\"name\":\"Swimsuits - Martini Design - Eco Swimwear and Activewear\",\"isPartOf\":{\"@id\":\"https:\/\/martinidgn.com\/#website\"},\"primaryImageOfPage\":{\"@id\":\"https:\/\/martinidgn.com\/swimsuits\/#primaryimage\"},\"image\":{\"@id\":\"https:\/\/martinidgn.com\/swimsuits\/#primaryimage\"},\"thumbnailUrl\":\"https:\/\/martinidgn.com\/wp-content\/uploads\/2023\/05\/KSF_7776-scaled.jpg\",\"datePublished\":\"2023-05-05T19:56:47+00:00\",\"dateModified\":\"2026-03-16T12:20:30+00:00\",\"description\":\"Martini Design offers eco-friendly swimsuits and activewear produced in Poland. Our products are made from eco-friendly ECONYL\u00ae fiber, sourced from recycled materials, including reclaimed marine waste. Check our products.\",\"breadcrumb\":{\"@id\":\"https:\/\/martinidgn.com\/swimsuits\/#breadcrumb\"},\"inLanguage\":\"pl-PL\",\"potentialAction\":[{\"@type\":\"ReadAction\",\"target\":[\"https:\/\/martinidgn.com\/swimsuits\/\"]}]},{\"@type\":\"ImageObject\",\"inLanguage\":\"pl-PL\",\"@id\":\"https:\/\/martinidgn.com\/swimsuits\/#primaryimage\",\"url\":\"https:\/\/martinidgn.com\/wp-content\/uploads\/2023\/05\/KSF_7776-scaled.jpg\",\"contentUrl\":\"https:\/\/martinidgn.com\/wp-content\/uploads\/2023\/05\/KSF_7776-scaled.jpg\"},{\"@type\":\"BreadcrumbList\",\"@id\":\"https:\/\/martinidgn.com\/swimsuits\/#breadcrumb\",\"itemListElement\":[{\"@type\":\"ListItem\",\"position\":1,\"name\":\"Home\",\"item\":\"https:\/\/martinidgn.com\/\"},{\"@type\":\"ListItem\",\"position\":2,\"name\":\"SWIMSUITS\"}]},{\"@type\":\"WebSite\",\"@id\":\"https:\/\/martinidgn.com\/#website\",\"url\":\"https:\/\/martinidgn.com\/\",\"name\":\"Martini Design - fashion swimwear | swimsuits | eco | ergonomic clothes | Polish designer\",\"description\":\"\",\"publisher\":{\"@id\":\"https:\/\/martinidgn.com\/#organization\"},\"potentialAction\":[{\"@type\":\"SearchAction\",\"target\":{\"@type\":\"EntryPoint\",\"urlTemplate\":\"https:\/\/martinidgn.com\/?s={search_term_string}\"},\"query-input\":{\"@type\":\"PropertyValueSpecification\",\"valueRequired\":true,\"valueName\":\"search_term_string\"}}],\"inLanguage\":\"pl-PL\"},{\"@type\":\"Organization\",\"@id\":\"https:\/\/martinidgn.com\/#organization\",\"name\":\"Martini Design - fashion swimwear | swimsuits | eco | ergonomic clothes | Polish designer\",\"url\":\"https:\/\/martinidgn.com\/\",\"logo\":{\"@type\":\"ImageObject\",\"inLanguage\":\"pl-PL\",\"@id\":\"https:\/\/martinidgn.com\/#\/schema\/logo\/image\/\",\"url\":\"https:\/\/martinidgn.com\/wp-content\/uploads\/2023\/02\/LOGO-STRONA-BASIC.jpg\",\"contentUrl\":\"https:\/\/martinidgn.com\/wp-content\/uploads\/2023\/02\/LOGO-STRONA-BASIC.jpg\",\"width\":415,\"height\":415,\"caption\":\"Martini Design - fashion swimwear | swimsuits | eco | ergonomic clothes | Polish designer\"},\"image\":{\"@id\":\"https:\/\/martinidgn.com\/#\/schema\/logo\/image\/\"},\"sameAs\":[\"https:\/\/www.facebook.com\/martinidgn\",\"https:\/\/www.instagram.com\/martinidgn\/\",\"https:\/\/pl.pinterest.com\/martinidgn\/\"]}]}<\/script>\n<!-- \/ Yoast SEO plugin. -->","yoast_head_json":{"title":"Swimsuits - Martini Design - Eco Swimwear and Activewear","description":"Martini Design offers eco-friendly swimsuits and activewear produced in Poland. Our products are made from eco-friendly ECONYL\u00ae fiber, sourced from recycled materials, including reclaimed marine waste. Check our products.","robots":{"index":"index","follow":"follow","max-snippet":"max-snippet:-1","max-image-preview":"max-image-preview:large","max-video-preview":"max-video-preview:-1"},"canonical":"https:\/\/martinidgn.com\/pl\/swimsuits\/","og_locale":"pl_PL","og_type":"article","og_title":"Swimsuits - Martini Design - Eco Swimwear and Activewear","og_description":"Martini Design offers eco-friendly swimsuits and activewear produced in Poland. Our products are made from eco-friendly ECONYL\u00ae fiber, sourced from recycled materials, including reclaimed marine waste. Check our products.","og_url":"https:\/\/martinidgn.com\/pl\/swimsuits\/","og_site_name":"Martini Design - fashion swimwear &amp; swimsuits | eco | ergonomic clothes | Polish designer","article_publisher":"https:\/\/www.facebook.com\/martinidgn","article_modified_time":"2026-03-16T12:20:30+00:00","og_image":[{"url":"https:\/\/martinidgn.com\/wp-content\/uploads\/2023\/05\/KSF_7776-scaled.jpg","type":"","width":"","height":""}],"twitter_card":"summary_large_image","twitter_misc":{"Szacowany czas czytania":"3 minuty"},"schema":{"@context":"https:\/\/schema.org","@graph":[{"@type":"WebPage","@id":"https:\/\/martinidgn.com\/swimsuits\/","url":"https:\/\/martinidgn.com\/swimsuits\/","name":"Swimsuits - Martini Design - Eco Swimwear and Activewear","isPartOf":{"@id":"https:\/\/martinidgn.com\/#website"},"primaryImageOfPage":{"@id":"https:\/\/martinidgn.com\/swimsuits\/#primaryimage"},"image":{"@id":"https:\/\/martinidgn.com\/swimsuits\/#primaryimage"},"thumbnailUrl":"https:\/\/martinidgn.com\/wp-content\/uploads\/2023\/05\/KSF_7776-scaled.jpg","datePublished":"2023-05-05T19:56:47+00:00","dateModified":"2026-03-16T12:20:30+00:00","description":"Martini Design offers eco-friendly swimsuits and activewear produced in Poland. Our products are made from eco-friendly ECONYL\u00ae fiber, sourced from recycled materials, including reclaimed marine waste. Check our products.","breadcrumb":{"@id":"https:\/\/martinidgn.com\/swimsuits\/#breadcrumb"},"inLanguage":"pl-PL","potentialAction":[{"@type":"ReadAction","target":["https:\/\/martinidgn.com\/swimsuits\/"]}]},{"@type":"ImageObject","inLanguage":"pl-PL","@id":"https:\/\/martinidgn.com\/swimsuits\/#primaryimage","url":"https:\/\/martinidgn.com\/wp-content\/uploads\/2023\/05\/KSF_7776-scaled.jpg","contentUrl":"https:\/\/martinidgn.com\/wp-content\/uploads\/2023\/05\/KSF_7776-scaled.jpg"},{"@type":"BreadcrumbList","@id":"https:\/\/martinidgn.com\/swimsuits\/#breadcrumb","itemListElement":[{"@type":"ListItem","position":1,"name":"Home","item":"https:\/\/martinidgn.com\/"},{"@type":"ListItem","position":2,"name":"SWIMSUITS"}]},{"@type":"WebSite","@id":"https:\/\/martinidgn.com\/#website","url":"https:\/\/martinidgn.com\/","name":"Martini Design - fashion swimwear | swimsuits | eco | ergonomic clothes | Polish designer","description":"","publisher":{"@id":"https:\/\/martinidgn.com\/#organization"},"potentialAction":[{"@type":"SearchAction","target":{"@type":"EntryPoint","urlTemplate":"https:\/\/martinidgn.com\/?s={search_term_string}"},"query-input":{"@type":"PropertyValueSpecification","valueRequired":true,"valueName":"search_term_string"}}],"inLanguage":"pl-PL"},{"@type":"Organization","@id":"https:\/\/martinidgn.com\/#organization","name":"Martini Design - fashion swimwear | swimsuits | eco | ergonomic clothes | Polish designer","url":"https:\/\/martinidgn.com\/","logo":{"@type":"ImageObject","inLanguage":"pl-PL","@id":"https:\/\/martinidgn.com\/#\/schema\/logo\/image\/","url":"https:\/\/martinidgn.com\/wp-content\/uploads\/2023\/02\/LOGO-STRONA-BASIC.jpg","contentUrl":"https:\/\/martinidgn.com\/wp-content\/uploads\/2023\/02\/LOGO-STRONA-BASIC.jpg","width":415,"height":415,"caption":"Martini Design - fashion swimwear | swimsuits | eco | ergonomic clothes | Polish designer"},"image":{"@id":"https:\/\/martinidgn.com\/#\/schema\/logo\/image\/"},"sameAs":["https:\/\/www.facebook.com\/martinidgn","https:\/\/www.instagram.com\/martinidgn\/","https:\/\/pl.pinterest.com\/martinidgn\/"]}]}},"_links":{"self":[{"href":"https:\/\/martinidgn.com\/pl\/wp-json\/wp\/v2\/pages\/3321","targetHints":{"allow":["GET"]}}],"collection":[{"href":"https:\/\/martinidgn.com\/pl\/wp-json\/wp\/v2\/pages"}],"about":[{"href":"https:\/\/martinidgn.com\/pl\/wp-json\/wp\/v2\/types\/page"}],"author":[{"embeddable":true,"href":"https:\/\/martinidgn.com\/pl\/wp-json\/wp\/v2\/users\/1"}],"replies":[{"embeddable":true,"href":"https:\/\/martinidgn.com\/pl\/wp-json\/wp\/v2\/comments?post=3321"}],"version-history":[{"count":0,"href":"https:\/\/martinidgn.com\/pl\/wp-json\/wp\/v2\/pages\/3321\/revisions"}],"wp:attachment":[{"href":"https:\/\/martinidgn.com\/pl\/wp-json\/wp\/v2\/media?parent=3321"}],"curies":[{"name":"wp","href":"https:\/\/api.w.org\/{rel}","templated":true}]}}