{"id":3116,"date":"2023-05-05T12:29:54","date_gmt":"2023-05-05T10:29:54","guid":{"rendered":"https:\/\/serwer2237875.home.pl\/md\/?post_type=product&#038;p=3116"},"modified":"2025-07-31T16:05:18","modified_gmt":"2025-07-31T14:05:18","slug":"latina-top-simple-black","status":"publish","type":"product","link":"https:\/\/martinidgn.com\/pl\/produkt\/latina-top-simple-black\/","title":{"rendered":"Latina Top - Simple Black asymetryczny biustonosz k\u0105pielowy z mono fiszbin\u0105"},"content":{"rendered":"","protected":false},"excerpt":{"rendered":"<p>&#8211; Stretch design<br \/>\n- Asymetryczny fason<br \/>\n- Fason na mono-fiszbinie modeluj\u0105cej biust<br \/>\n- Wi\u0105zanie umo\u017cliwiaj\u0105ce r\u00f3\u017cne sposoby noszenia<br \/>\n- Mo\u017cliwo\u015b\u0107 regulacji wi\u0105zania z ty\u0142u<br \/>\n- Po\u0142\u0105cz z do\u0142em Latina lub miksuj z innymi do\u0142ami<br \/>\n- Mo\u017cesz z nim stworzy\u0107 w\u0142asny oryginalny look \u0142\u0105cz\u0105c z codzienn\u0105 garderob\u0105<br \/>\n- Materia\u0142, z kt\u00f3rego jest wykonany powsta\u0142 z prz\u0119dzy ECONYL\u00ae, kt\u00f3ra w ca\u0142o\u015bci pozyskiwana jest z recyklingu \u2013 mi\u0119dzy innymi z odpad\u00f3w wy\u0142owionych z ocean\u00f3w<\/p>\n<p>Sk\u0142ad: 80% poliamid z recyklingu (ECONYL\u00ae), 20% elastan.<br \/>\nID: SSIT-SBR04-B99<\/p>\n<p>WYPRODUKOWANO W POLSCE<\/p>","protected":false},"featured_media":3125,"comment_status":"open","ping_status":"closed","template":"","meta":[],"product_brand":[],"product_cat":[36,64],"product_tag":[34],"class_list":{"0":"post-3116","1":"product","2":"type-product","3":"status-publish","4":"has-post-thumbnail","6":"product_cat-swimwear","7":"product_cat-tops-swimwear","8":"product_tag-summer","10":"first","11":"instock","12":"shipping-taxable","13":"purchasable","14":"product-type-variable"},"yoast_head":"<!-- This site is optimized with the Yoast SEO plugin v25.5 - https:\/\/yoast.com\/wordpress\/plugins\/seo\/ -->\n<title>Latina Top Simple Black - Martini Design - Swimwear &amp; Activewear<\/title>\n<meta name=\"description\" content=\"Latina Top - Simple Black mono wire asymmetrical bikini top. Create your own original look. Eco-friendly swimwear and activewear. Shop now.\" \/>\n<meta name=\"robots\" content=\"index, follow, max-snippet:-1, max-image-preview:large, max-video-preview:-1\" \/>\n<link rel=\"canonical\" href=\"https:\/\/martinidgn.com\/pl\/produkt\/latina-top-simple-black\/\" \/>\n<meta property=\"og:locale\" content=\"pl_PL\" \/>\n<meta property=\"og:type\" content=\"article\" \/>\n<meta property=\"og:title\" content=\"Latina Top Simple Black - Martini Design - Swimwear &amp; Activewear\" \/>\n<meta property=\"og:description\" content=\"Latina Top - Simple Black mono wire asymmetrical bikini top. Create your own original look. Eco-friendly swimwear and activewear. Shop now.\" \/>\n<meta property=\"og:url\" content=\"https:\/\/martinidgn.com\/pl\/produkt\/latina-top-simple-black\/\" \/>\n<meta property=\"og:site_name\" content=\"Martini Design - fashion swimwear &amp; swimsuits | eco | ergonomic clothes | Polish designer\" \/>\n<meta property=\"article:publisher\" content=\"https:\/\/www.facebook.com\/martinidgn\" \/>\n<meta property=\"article:modified_time\" content=\"2025-07-31T14:05:18+00:00\" \/>\n<meta property=\"og:image\" content=\"https:\/\/martinidgn.com\/wp-content\/uploads\/2023\/05\/KSF_7396-scaled.jpg\" \/>\n\t<meta property=\"og:image:width\" content=\"1280\" \/>\n\t<meta property=\"og:image:height\" content=\"1920\" \/>\n\t<meta property=\"og:image:type\" content=\"image\/jpeg\" \/>\n<meta name=\"twitter:card\" content=\"summary_large_image\" \/>\n<script type=\"application\/ld+json\" class=\"yoast-schema-graph\">{\"@context\":\"https:\/\/schema.org\",\"@graph\":[{\"@type\":\"WebPage\",\"@id\":\"https:\/\/martinidgn.com\/produkt\/latina-top-simple-black\/\",\"url\":\"https:\/\/martinidgn.com\/produkt\/latina-top-simple-black\/\",\"name\":\"Latina Top Simple Black - Martini Design - Swimwear & Activewear\",\"isPartOf\":{\"@id\":\"https:\/\/martinidgn.com\/#website\"},\"primaryImageOfPage\":{\"@id\":\"https:\/\/martinidgn.com\/produkt\/latina-top-simple-black\/#primaryimage\"},\"image\":{\"@id\":\"https:\/\/martinidgn.com\/produkt\/latina-top-simple-black\/#primaryimage\"},\"thumbnailUrl\":\"https:\/\/martinidgn.com\/wp-content\/uploads\/2023\/05\/KSF_7396-scaled.jpg\",\"datePublished\":\"2023-05-05T10:29:54+00:00\",\"dateModified\":\"2025-07-31T14:05:18+00:00\",\"description\":\"Latina Top - Simple Black mono wire asymmetrical bikini top. Create your own original look. Eco-friendly swimwear and activewear. Shop now.\",\"breadcrumb\":{\"@id\":\"https:\/\/martinidgn.com\/produkt\/latina-top-simple-black\/#breadcrumb\"},\"inLanguage\":\"pl-PL\",\"potentialAction\":[{\"@type\":\"ReadAction\",\"target\":[\"https:\/\/martinidgn.com\/produkt\/latina-top-simple-black\/\"]}]},{\"@type\":\"ImageObject\",\"inLanguage\":\"pl-PL\",\"@id\":\"https:\/\/martinidgn.com\/produkt\/latina-top-simple-black\/#primaryimage\",\"url\":\"https:\/\/martinidgn.com\/wp-content\/uploads\/2023\/05\/KSF_7396-scaled.jpg\",\"contentUrl\":\"https:\/\/martinidgn.com\/wp-content\/uploads\/2023\/05\/KSF_7396-scaled.jpg\",\"width\":1280,\"height\":1920},{\"@type\":\"BreadcrumbList\",\"@id\":\"https:\/\/martinidgn.com\/produkt\/latina-top-simple-black\/#breadcrumb\",\"itemListElement\":[{\"@type\":\"ListItem\",\"position\":1,\"name\":\"Home\",\"item\":\"https:\/\/martinidgn.com\/\"},{\"@type\":\"ListItem\",\"position\":2,\"name\":\"Shop\",\"item\":\"https:\/\/martinidgn.com\/pl\/shop\/\"},{\"@type\":\"ListItem\",\"position\":3,\"name\":\"Latina Top &#8211; Simple Black mono wire asymmetrical bikini top\"}]},{\"@type\":\"WebSite\",\"@id\":\"https:\/\/martinidgn.com\/#website\",\"url\":\"https:\/\/martinidgn.com\/\",\"name\":\"Martini Design - fashion swimwear | swimsuits | eco | ergonomic clothes | Polish designer\",\"description\":\"\",\"publisher\":{\"@id\":\"https:\/\/martinidgn.com\/#organization\"},\"potentialAction\":[{\"@type\":\"SearchAction\",\"target\":{\"@type\":\"EntryPoint\",\"urlTemplate\":\"https:\/\/martinidgn.com\/?s={search_term_string}\"},\"query-input\":{\"@type\":\"PropertyValueSpecification\",\"valueRequired\":true,\"valueName\":\"search_term_string\"}}],\"inLanguage\":\"pl-PL\"},{\"@type\":\"Organization\",\"@id\":\"https:\/\/martinidgn.com\/#organization\",\"name\":\"Martini Design - fashion swimwear | swimsuits | eco | ergonomic clothes | Polish designer\",\"url\":\"https:\/\/martinidgn.com\/\",\"logo\":{\"@type\":\"ImageObject\",\"inLanguage\":\"pl-PL\",\"@id\":\"https:\/\/martinidgn.com\/#\/schema\/logo\/image\/\",\"url\":\"https:\/\/martinidgn.com\/wp-content\/uploads\/2023\/02\/LOGO-STRONA-BASIC.jpg\",\"contentUrl\":\"https:\/\/martinidgn.com\/wp-content\/uploads\/2023\/02\/LOGO-STRONA-BASIC.jpg\",\"width\":415,\"height\":415,\"caption\":\"Martini Design - fashion swimwear | swimsuits | eco | ergonomic clothes | Polish designer\"},\"image\":{\"@id\":\"https:\/\/martinidgn.com\/#\/schema\/logo\/image\/\"},\"sameAs\":[\"https:\/\/www.facebook.com\/martinidgn\",\"https:\/\/www.instagram.com\/martinidgn\/\",\"https:\/\/pl.pinterest.com\/martinidgn\/\"]}]}<\/script>\n<!-- \/ Yoast SEO plugin. -->","yoast_head_json":{"title":"Latina Top Simple Black - Martini Design - Swimwear & Activewear","description":"Latina Top - Simple Black mono wire asymmetrical bikini top. Create your own original look. Eco-friendly swimwear and activewear. Shop now.","robots":{"index":"index","follow":"follow","max-snippet":"max-snippet:-1","max-image-preview":"max-image-preview:large","max-video-preview":"max-video-preview:-1"},"canonical":"https:\/\/martinidgn.com\/pl\/produkt\/latina-top-simple-black\/","og_locale":"pl_PL","og_type":"article","og_title":"Latina Top Simple Black - Martini Design - Swimwear & Activewear","og_description":"Latina Top - Simple Black mono wire asymmetrical bikini top. Create your own original look. Eco-friendly swimwear and activewear. Shop now.","og_url":"https:\/\/martinidgn.com\/pl\/produkt\/latina-top-simple-black\/","og_site_name":"Martini Design - fashion swimwear &amp; swimsuits | eco | ergonomic clothes | Polish designer","article_publisher":"https:\/\/www.facebook.com\/martinidgn","article_modified_time":"2025-07-31T14:05:18+00:00","og_image":[{"width":1280,"height":1920,"url":"https:\/\/martinidgn.com\/wp-content\/uploads\/2023\/05\/KSF_7396-scaled.jpg","type":"image\/jpeg"}],"twitter_card":"summary_large_image","schema":{"@context":"https:\/\/schema.org","@graph":[{"@type":"WebPage","@id":"https:\/\/martinidgn.com\/produkt\/latina-top-simple-black\/","url":"https:\/\/martinidgn.com\/produkt\/latina-top-simple-black\/","name":"Latina Top Simple Black - Martini Design - Swimwear & Activewear","isPartOf":{"@id":"https:\/\/martinidgn.com\/#website"},"primaryImageOfPage":{"@id":"https:\/\/martinidgn.com\/produkt\/latina-top-simple-black\/#primaryimage"},"image":{"@id":"https:\/\/martinidgn.com\/produkt\/latina-top-simple-black\/#primaryimage"},"thumbnailUrl":"https:\/\/martinidgn.com\/wp-content\/uploads\/2023\/05\/KSF_7396-scaled.jpg","datePublished":"2023-05-05T10:29:54+00:00","dateModified":"2025-07-31T14:05:18+00:00","description":"Latina Top - Simple Black mono wire asymmetrical bikini top. Create your own original look. Eco-friendly swimwear and activewear. Shop now.","breadcrumb":{"@id":"https:\/\/martinidgn.com\/produkt\/latina-top-simple-black\/#breadcrumb"},"inLanguage":"pl-PL","potentialAction":[{"@type":"ReadAction","target":["https:\/\/martinidgn.com\/produkt\/latina-top-simple-black\/"]}]},{"@type":"ImageObject","inLanguage":"pl-PL","@id":"https:\/\/martinidgn.com\/produkt\/latina-top-simple-black\/#primaryimage","url":"https:\/\/martinidgn.com\/wp-content\/uploads\/2023\/05\/KSF_7396-scaled.jpg","contentUrl":"https:\/\/martinidgn.com\/wp-content\/uploads\/2023\/05\/KSF_7396-scaled.jpg","width":1280,"height":1920},{"@type":"BreadcrumbList","@id":"https:\/\/martinidgn.com\/produkt\/latina-top-simple-black\/#breadcrumb","itemListElement":[{"@type":"ListItem","position":1,"name":"Home","item":"https:\/\/martinidgn.com\/"},{"@type":"ListItem","position":2,"name":"Shop","item":"https:\/\/martinidgn.com\/pl\/shop\/"},{"@type":"ListItem","position":3,"name":"Latina Top &#8211; Simple Black mono wire asymmetrical bikini top"}]},{"@type":"WebSite","@id":"https:\/\/martinidgn.com\/#website","url":"https:\/\/martinidgn.com\/","name":"Martini Design - fashion swimwear | swimsuits | eco | ergonomic clothes | Polish designer","description":"","publisher":{"@id":"https:\/\/martinidgn.com\/#organization"},"potentialAction":[{"@type":"SearchAction","target":{"@type":"EntryPoint","urlTemplate":"https:\/\/martinidgn.com\/?s={search_term_string}"},"query-input":{"@type":"PropertyValueSpecification","valueRequired":true,"valueName":"search_term_string"}}],"inLanguage":"pl-PL"},{"@type":"Organization","@id":"https:\/\/martinidgn.com\/#organization","name":"Martini Design - fashion swimwear | swimsuits | eco | ergonomic clothes | Polish designer","url":"https:\/\/martinidgn.com\/","logo":{"@type":"ImageObject","inLanguage":"pl-PL","@id":"https:\/\/martinidgn.com\/#\/schema\/logo\/image\/","url":"https:\/\/martinidgn.com\/wp-content\/uploads\/2023\/02\/LOGO-STRONA-BASIC.jpg","contentUrl":"https:\/\/martinidgn.com\/wp-content\/uploads\/2023\/02\/LOGO-STRONA-BASIC.jpg","width":415,"height":415,"caption":"Martini Design - fashion swimwear | swimsuits | eco | ergonomic clothes | Polish designer"},"image":{"@id":"https:\/\/martinidgn.com\/#\/schema\/logo\/image\/"},"sameAs":["https:\/\/www.facebook.com\/martinidgn","https:\/\/www.instagram.com\/martinidgn\/","https:\/\/pl.pinterest.com\/martinidgn\/"]}]}},"_links":{"self":[{"href":"https:\/\/martinidgn.com\/pl\/wp-json\/wp\/v2\/product\/3116","targetHints":{"allow":["GET"]}}],"collection":[{"href":"https:\/\/martinidgn.com\/pl\/wp-json\/wp\/v2\/product"}],"about":[{"href":"https:\/\/martinidgn.com\/pl\/wp-json\/wp\/v2\/types\/product"}],"replies":[{"embeddable":true,"href":"https:\/\/martinidgn.com\/pl\/wp-json\/wp\/v2\/comments?post=3116"}],"wp:featuredmedia":[{"embeddable":true,"href":"https:\/\/martinidgn.com\/pl\/wp-json\/wp\/v2\/media\/3125"}],"wp:attachment":[{"href":"https:\/\/martinidgn.com\/pl\/wp-json\/wp\/v2\/media?parent=3116"}],"wp:term":[{"taxonomy":"product_brand","embeddable":true,"href":"https:\/\/martinidgn.com\/pl\/wp-json\/wp\/v2\/product_brand?post=3116"},{"taxonomy":"product_cat","embeddable":true,"href":"https:\/\/martinidgn.com\/pl\/wp-json\/wp\/v2\/product_cat?post=3116"},{"taxonomy":"product_tag","embeddable":true,"href":"https:\/\/martinidgn.com\/pl\/wp-json\/wp\/v2\/product_tag?post=3116"}],"curies":[{"name":"wp","href":"https:\/\/api.w.org\/{rel}","templated":true}]}}