{"id":3179,"date":"2023-05-05T15:05:31","date_gmt":"2023-05-05T13:05:31","guid":{"rendered":"https:\/\/serwer2237875.home.pl\/md\/?post_type=product&#038;p=3179"},"modified":"2026-01-26T17:52:04","modified_gmt":"2026-01-26T16:52:04","slug":"petrona-top-mocha","status":"publish","type":"product","link":"https:\/\/martinidgn.com\/pl\/produkt\/petrona-top-mocha\/","title":{"rendered":"Perona Top - Mokka Biustonosz k\u0105pielowy bikini tr\u00f3jk\u0105t z wyjmowanymi wk\u0142adkami"},"content":{"rendered":"","protected":false},"excerpt":{"rendered":"<p>&#8211; Stretch design<br \/>\n- Model z wi\u0105zaniem umo\u017cliwiaj\u0105cym r\u00f3\u017cne sposoby noszenia<br \/>\n- Rami\u0105czka mo\u017cna u\u0142o\u017cy\u0107 prosto do ty\u0142u lub krzy\u017cowa\u0107 na przodzie i zwi\u0105za\u0107 na karku<br \/>\n- Mo\u017cliwo\u015b\u0107 regulacji wi\u0105zania z ty\u0142u<br \/>\n- Miseczka z wyjmowanymi wk\u0142adkami<br \/>\n- Po\u0142\u0105cz z do\u0142em Petrona lub miksuj z innymi do\u0142ami<br \/>\n- Mo\u017cesz z nim stworzy\u0107 w\u0142asny oryginalny look \u0142\u0105cz\u0105c z codzienn\u0105 garderob\u0105<br \/>\n- Materia\u0142, z kt\u00f3rego jest wykonany powsta\u0142 z prz\u0119dzy ECONYL\u00ae, kt\u00f3ra w ca\u0142o\u015bci pozyskiwana jest z recyklingu \u2013 mi\u0119dzy innymi z odpad\u00f3w wy\u0142owionych z ocean\u00f3w<\/p>\n<p>Composition: 80% recycled polyamide (ECONYL\u00ae), 20% elastane. ID: SSIT-SBR01-BR32<\/p>\n<p>WYPRODUKOWANO W POLSCE<\/p>","protected":false},"featured_media":5013,"comment_status":"open","ping_status":"closed","template":"","meta":[],"product_brand":[],"product_cat":[36,64],"product_tag":[],"class_list":{"0":"post-3179","1":"product","2":"type-product","3":"status-publish","4":"has-post-thumbnail","6":"product_cat-swimwear","7":"product_cat-tops-swimwear","9":"first","10":"instock","11":"shipping-taxable","12":"purchasable","13":"product-type-variable"},"yoast_head":"<!-- This site is optimized with the Yoast SEO plugin v25.5 - https:\/\/yoast.com\/wordpress\/plugins\/seo\/ -->\n<title>Petrona Top Mocha - Martini Design - Swimwear &amp; Activewear<\/title>\n<meta name=\"description\" content=\"Petrona Top - Mocha Triangle bikini top with removable pads. Create your own original look. Eco-friendly swimwear and activewear. Shop now.\" \/>\n<meta name=\"robots\" content=\"index, follow, max-snippet:-1, max-image-preview:large, max-video-preview:-1\" \/>\n<link rel=\"canonical\" href=\"https:\/\/martinidgn.com\/pl\/produkt\/petrona-top-mocha\/\" \/>\n<meta property=\"og:locale\" content=\"pl_PL\" \/>\n<meta property=\"og:type\" content=\"article\" \/>\n<meta property=\"og:title\" content=\"Petrona Top Mocha - Martini Design - Swimwear &amp; Activewear\" \/>\n<meta property=\"og:description\" content=\"Petrona Top - Mocha Triangle bikini top with removable pads. Create your own original look. Eco-friendly swimwear and activewear. Shop now.\" \/>\n<meta property=\"og:url\" content=\"https:\/\/martinidgn.com\/pl\/produkt\/petrona-top-mocha\/\" \/>\n<meta property=\"og:site_name\" content=\"Martini Design - fashion swimwear &amp; swimsuits | eco | ergonomic clothes | Polish designer\" \/>\n<meta property=\"article:publisher\" content=\"https:\/\/www.facebook.com\/martinidgn\" \/>\n<meta property=\"article:modified_time\" content=\"2026-01-26T16:52:04+00:00\" \/>\n<meta property=\"og:image\" content=\"https:\/\/martinidgn.com\/wp-content\/uploads\/2023\/05\/KSF_8177.webp\" \/>\n\t<meta property=\"og:image:width\" content=\"1200\" \/>\n\t<meta property=\"og:image:height\" content=\"1800\" \/>\n\t<meta property=\"og:image:type\" content=\"image\/webp\" \/>\n<meta name=\"twitter:card\" content=\"summary_large_image\" \/>\n<meta name=\"twitter:label1\" content=\"Szacowany czas czytania\" \/>\n\t<meta name=\"twitter:data1\" content=\"1 minuta\" \/>\n<script type=\"application\/ld+json\" class=\"yoast-schema-graph\">{\"@context\":\"https:\/\/schema.org\",\"@graph\":[{\"@type\":\"WebPage\",\"@id\":\"https:\/\/martinidgn.com\/produkt\/petrona-top-mocha\/\",\"url\":\"https:\/\/martinidgn.com\/produkt\/petrona-top-mocha\/\",\"name\":\"Petrona Top Mocha - Martini Design - Swimwear & Activewear\",\"isPartOf\":{\"@id\":\"https:\/\/martinidgn.com\/#website\"},\"primaryImageOfPage\":{\"@id\":\"https:\/\/martinidgn.com\/produkt\/petrona-top-mocha\/#primaryimage\"},\"image\":{\"@id\":\"https:\/\/martinidgn.com\/produkt\/petrona-top-mocha\/#primaryimage\"},\"thumbnailUrl\":\"https:\/\/martinidgn.com\/wp-content\/uploads\/2023\/05\/KSF_8177.webp\",\"datePublished\":\"2023-05-05T13:05:31+00:00\",\"dateModified\":\"2026-01-26T16:52:04+00:00\",\"description\":\"Petrona Top - Mocha Triangle bikini top with removable pads. Create your own original look. Eco-friendly swimwear and activewear. Shop now.\",\"breadcrumb\":{\"@id\":\"https:\/\/martinidgn.com\/produkt\/petrona-top-mocha\/#breadcrumb\"},\"inLanguage\":\"pl-PL\",\"potentialAction\":[{\"@type\":\"ReadAction\",\"target\":[\"https:\/\/martinidgn.com\/produkt\/petrona-top-mocha\/\"]}]},{\"@type\":\"ImageObject\",\"inLanguage\":\"pl-PL\",\"@id\":\"https:\/\/martinidgn.com\/produkt\/petrona-top-mocha\/#primaryimage\",\"url\":\"https:\/\/martinidgn.com\/wp-content\/uploads\/2023\/05\/KSF_8177.webp\",\"contentUrl\":\"https:\/\/martinidgn.com\/wp-content\/uploads\/2023\/05\/KSF_8177.webp\",\"width\":1200,\"height\":1800},{\"@type\":\"BreadcrumbList\",\"@id\":\"https:\/\/martinidgn.com\/produkt\/petrona-top-mocha\/#breadcrumb\",\"itemListElement\":[{\"@type\":\"ListItem\",\"position\":1,\"name\":\"Home\",\"item\":\"https:\/\/martinidgn.com\/\"},{\"@type\":\"ListItem\",\"position\":2,\"name\":\"Shop\",\"item\":\"https:\/\/martinidgn.com\/pl\/shop\/\"},{\"@type\":\"ListItem\",\"position\":3,\"name\":\"Petrona Top &#8211; Mocha Triangle bikini top with removable pads\"}]},{\"@type\":\"WebSite\",\"@id\":\"https:\/\/martinidgn.com\/#website\",\"url\":\"https:\/\/martinidgn.com\/\",\"name\":\"Martini Design - fashion swimwear | swimsuits | eco | ergonomic clothes | Polish designer\",\"description\":\"\",\"publisher\":{\"@id\":\"https:\/\/martinidgn.com\/#organization\"},\"potentialAction\":[{\"@type\":\"SearchAction\",\"target\":{\"@type\":\"EntryPoint\",\"urlTemplate\":\"https:\/\/martinidgn.com\/?s={search_term_string}\"},\"query-input\":{\"@type\":\"PropertyValueSpecification\",\"valueRequired\":true,\"valueName\":\"search_term_string\"}}],\"inLanguage\":\"pl-PL\"},{\"@type\":\"Organization\",\"@id\":\"https:\/\/martinidgn.com\/#organization\",\"name\":\"Martini Design - fashion swimwear | swimsuits | eco | ergonomic clothes | Polish designer\",\"url\":\"https:\/\/martinidgn.com\/\",\"logo\":{\"@type\":\"ImageObject\",\"inLanguage\":\"pl-PL\",\"@id\":\"https:\/\/martinidgn.com\/#\/schema\/logo\/image\/\",\"url\":\"https:\/\/martinidgn.com\/wp-content\/uploads\/2023\/02\/LOGO-STRONA-BASIC.jpg\",\"contentUrl\":\"https:\/\/martinidgn.com\/wp-content\/uploads\/2023\/02\/LOGO-STRONA-BASIC.jpg\",\"width\":415,\"height\":415,\"caption\":\"Martini Design - fashion swimwear | swimsuits | eco | ergonomic clothes | Polish designer\"},\"image\":{\"@id\":\"https:\/\/martinidgn.com\/#\/schema\/logo\/image\/\"},\"sameAs\":[\"https:\/\/www.facebook.com\/martinidgn\",\"https:\/\/www.instagram.com\/martinidgn\/\",\"https:\/\/pl.pinterest.com\/martinidgn\/\"]}]}<\/script>\n<!-- \/ Yoast SEO plugin. -->","yoast_head_json":{"title":"Petrona Top Mocha - Martini Design - Swimwear & Activewear","description":"Petrona Top - Mocha Triangle bikini top with removable pads. Create your own original look. Eco-friendly swimwear and activewear. Shop now.","robots":{"index":"index","follow":"follow","max-snippet":"max-snippet:-1","max-image-preview":"max-image-preview:large","max-video-preview":"max-video-preview:-1"},"canonical":"https:\/\/martinidgn.com\/pl\/produkt\/petrona-top-mocha\/","og_locale":"pl_PL","og_type":"article","og_title":"Petrona Top Mocha - Martini Design - Swimwear & Activewear","og_description":"Petrona Top - Mocha Triangle bikini top with removable pads. Create your own original look. Eco-friendly swimwear and activewear. Shop now.","og_url":"https:\/\/martinidgn.com\/pl\/produkt\/petrona-top-mocha\/","og_site_name":"Martini Design - fashion swimwear &amp; swimsuits | eco | ergonomic clothes | Polish designer","article_publisher":"https:\/\/www.facebook.com\/martinidgn","article_modified_time":"2026-01-26T16:52:04+00:00","og_image":[{"width":1200,"height":1800,"url":"https:\/\/martinidgn.com\/wp-content\/uploads\/2023\/05\/KSF_8177.webp","type":"image\/webp"}],"twitter_card":"summary_large_image","twitter_misc":{"Szacowany czas czytania":"1 minuta"},"schema":{"@context":"https:\/\/schema.org","@graph":[{"@type":"WebPage","@id":"https:\/\/martinidgn.com\/produkt\/petrona-top-mocha\/","url":"https:\/\/martinidgn.com\/produkt\/petrona-top-mocha\/","name":"Petrona Top Mocha - Martini Design - Swimwear & Activewear","isPartOf":{"@id":"https:\/\/martinidgn.com\/#website"},"primaryImageOfPage":{"@id":"https:\/\/martinidgn.com\/produkt\/petrona-top-mocha\/#primaryimage"},"image":{"@id":"https:\/\/martinidgn.com\/produkt\/petrona-top-mocha\/#primaryimage"},"thumbnailUrl":"https:\/\/martinidgn.com\/wp-content\/uploads\/2023\/05\/KSF_8177.webp","datePublished":"2023-05-05T13:05:31+00:00","dateModified":"2026-01-26T16:52:04+00:00","description":"Petrona Top - Mocha Triangle bikini top with removable pads. Create your own original look. Eco-friendly swimwear and activewear. Shop now.","breadcrumb":{"@id":"https:\/\/martinidgn.com\/produkt\/petrona-top-mocha\/#breadcrumb"},"inLanguage":"pl-PL","potentialAction":[{"@type":"ReadAction","target":["https:\/\/martinidgn.com\/produkt\/petrona-top-mocha\/"]}]},{"@type":"ImageObject","inLanguage":"pl-PL","@id":"https:\/\/martinidgn.com\/produkt\/petrona-top-mocha\/#primaryimage","url":"https:\/\/martinidgn.com\/wp-content\/uploads\/2023\/05\/KSF_8177.webp","contentUrl":"https:\/\/martinidgn.com\/wp-content\/uploads\/2023\/05\/KSF_8177.webp","width":1200,"height":1800},{"@type":"BreadcrumbList","@id":"https:\/\/martinidgn.com\/produkt\/petrona-top-mocha\/#breadcrumb","itemListElement":[{"@type":"ListItem","position":1,"name":"Home","item":"https:\/\/martinidgn.com\/"},{"@type":"ListItem","position":2,"name":"Shop","item":"https:\/\/martinidgn.com\/pl\/shop\/"},{"@type":"ListItem","position":3,"name":"Petrona Top &#8211; Mocha Triangle bikini top with removable pads"}]},{"@type":"WebSite","@id":"https:\/\/martinidgn.com\/#website","url":"https:\/\/martinidgn.com\/","name":"Martini Design - fashion swimwear | swimsuits | eco | ergonomic clothes | Polish designer","description":"","publisher":{"@id":"https:\/\/martinidgn.com\/#organization"},"potentialAction":[{"@type":"SearchAction","target":{"@type":"EntryPoint","urlTemplate":"https:\/\/martinidgn.com\/?s={search_term_string}"},"query-input":{"@type":"PropertyValueSpecification","valueRequired":true,"valueName":"search_term_string"}}],"inLanguage":"pl-PL"},{"@type":"Organization","@id":"https:\/\/martinidgn.com\/#organization","name":"Martini Design - fashion swimwear | swimsuits | eco | ergonomic clothes | Polish designer","url":"https:\/\/martinidgn.com\/","logo":{"@type":"ImageObject","inLanguage":"pl-PL","@id":"https:\/\/martinidgn.com\/#\/schema\/logo\/image\/","url":"https:\/\/martinidgn.com\/wp-content\/uploads\/2023\/02\/LOGO-STRONA-BASIC.jpg","contentUrl":"https:\/\/martinidgn.com\/wp-content\/uploads\/2023\/02\/LOGO-STRONA-BASIC.jpg","width":415,"height":415,"caption":"Martini Design - fashion swimwear | swimsuits | eco | ergonomic clothes | Polish designer"},"image":{"@id":"https:\/\/martinidgn.com\/#\/schema\/logo\/image\/"},"sameAs":["https:\/\/www.facebook.com\/martinidgn","https:\/\/www.instagram.com\/martinidgn\/","https:\/\/pl.pinterest.com\/martinidgn\/"]}]}},"_links":{"self":[{"href":"https:\/\/martinidgn.com\/pl\/wp-json\/wp\/v2\/product\/3179","targetHints":{"allow":["GET"]}}],"collection":[{"href":"https:\/\/martinidgn.com\/pl\/wp-json\/wp\/v2\/product"}],"about":[{"href":"https:\/\/martinidgn.com\/pl\/wp-json\/wp\/v2\/types\/product"}],"replies":[{"embeddable":true,"href":"https:\/\/martinidgn.com\/pl\/wp-json\/wp\/v2\/comments?post=3179"}],"wp:featuredmedia":[{"embeddable":true,"href":"https:\/\/martinidgn.com\/pl\/wp-json\/wp\/v2\/media\/5013"}],"wp:attachment":[{"href":"https:\/\/martinidgn.com\/pl\/wp-json\/wp\/v2\/media?parent=3179"}],"wp:term":[{"taxonomy":"product_brand","embeddable":true,"href":"https:\/\/martinidgn.com\/pl\/wp-json\/wp\/v2\/product_brand?post=3179"},{"taxonomy":"product_cat","embeddable":true,"href":"https:\/\/martinidgn.com\/pl\/wp-json\/wp\/v2\/product_cat?post=3179"},{"taxonomy":"product_tag","embeddable":true,"href":"https:\/\/martinidgn.com\/pl\/wp-json\/wp\/v2\/product_tag?post=3179"}],"curies":[{"name":"wp","href":"https:\/\/api.w.org\/{rel}","templated":true}]}}