{"id":4158,"date":"2023-11-23T14:33:09","date_gmt":"2023-11-23T13:33:09","guid":{"rendered":"https:\/\/martinidgn.com\/?post_type=product&#038;p=4158"},"modified":"2025-09-30T11:23:06","modified_gmt":"2025-09-30T09:23:06","slug":"swim-surf-bottom-aero-dry-swimming-high-waist-sports-bottom","status":"publish","type":"product","link":"https:\/\/martinidgn.com\/pl\/produkt\/swim-surf-bottom-aero-dry-swimming-high-waist-sports-bottom\/","title":{"rendered":"Swim &amp; Surf Bottom Aero - Dry. D\u00f3\u0142 sportowy z wysokim stanem"},"content":{"rendered":"<p>&#8211; Stretch design<br \/>\n- Talia z wysokim stanem<br \/>\n- Fason wyszczuplaj\u0105cy sylwetk\u0119<br \/>\n- Wysokie wyci\u0119cie typu High Leg<br \/>\n- Kr\u00f3j zapewniaj\u0105cy pe\u0142en komfort podczas uprawiania sport\u00f3w wodnych<br \/>\n- \u0141\u0105cz z g\u00f3rami z serii Aero - Dry<\/p>\n<p>Sk\u0142ad: 80% poliester, 20% elastane.<\/p>\n<p>WYPRODUKOWANO W POLSCE<\/p>","protected":false},"excerpt":{"rendered":"<p>&#8211; Stretch design<br \/>\n- Talia z wysokim stanem<br \/>\n- Fason wyszczuplaj\u0105cy sylwetk\u0119<br \/>\n- Wysokie wyci\u0119cie typu High Leg<br \/>\n- Kr\u00f3j zapewniaj\u0105cy pe\u0142en komfort podczas uprawiania sport\u00f3w wodnych<br \/>\n- \u0141\u0105cz z g\u00f3rami z serii Aero - Dry<\/p>\n<p>Sk\u0142ad: 80% poliester, 20% elastane.<\/p>\n<p>WYPRODUKOWANO W POLSCE<\/p>","protected":false},"featured_media":4161,"comment_status":"open","ping_status":"closed","template":"","meta":[],"product_brand":[],"product_cat":[61,56,57,59],"product_tag":[34],"class_list":{"0":"post-4158","1":"product","2":"type-product","3":"status-publish","4":"has-post-thumbnail","6":"product_cat-bottoms","7":"product_cat-clothes","8":"product_cat-news","9":"product_cat-sport","10":"product_tag-summer","12":"first","13":"instock","14":"shipping-taxable","15":"purchasable","16":"product-type-variable"},"yoast_head":"<!-- This site is optimized with the Yoast SEO plugin v25.5 - https:\/\/yoast.com\/wordpress\/plugins\/seo\/ -->\n<title>Running &amp; Surf Top - Martini Design - Swimwear &amp; Activewear<\/title>\n<meta name=\"robots\" content=\"index, follow, max-snippet:-1, max-image-preview:large, max-video-preview:-1\" \/>\n<link rel=\"canonical\" href=\"https:\/\/martinidgn.com\/pl\/produkt\/swim-surf-bottom-aero-dry-swimming-high-waist-sports-bottom\/\" \/>\n<meta property=\"og:locale\" content=\"pl_PL\" \/>\n<meta property=\"og:type\" content=\"article\" \/>\n<meta property=\"og:title\" content=\"Running &amp; Surf Top - Martini Design - Swimwear &amp; Activewear\" \/>\n<meta property=\"og:description\" content=\"- Stretch design - High waist - Slim Fit - High leg - Full comfort during water sports training - Combine with Aero - Dry Line  Composition: 80% polyester, 20% elastane.  MADE IN POLAND\" \/>\n<meta property=\"og:url\" content=\"https:\/\/martinidgn.com\/pl\/produkt\/swim-surf-bottom-aero-dry-swimming-high-waist-sports-bottom\/\" \/>\n<meta property=\"og:site_name\" content=\"Martini Design - fashion swimwear &amp; swimsuits | eco | ergonomic clothes | Polish designer\" \/>\n<meta property=\"article:publisher\" content=\"https:\/\/www.facebook.com\/martinidgn\" \/>\n<meta property=\"article:modified_time\" content=\"2025-09-30T09:23:06+00:00\" \/>\n<meta property=\"og:image\" content=\"https:\/\/martinidgn.com\/wp-content\/uploads\/2023\/11\/1-683x1024.jpg\" \/>\n\t<meta property=\"og:image:width\" content=\"683\" \/>\n\t<meta property=\"og:image:height\" content=\"1024\" \/>\n\t<meta property=\"og:image:type\" content=\"image\/jpeg\" \/>\n<meta name=\"twitter:card\" content=\"summary_large_image\" \/>\n<meta name=\"twitter:label1\" content=\"Szacowany czas czytania\" \/>\n\t<meta name=\"twitter:data1\" content=\"1 minuta\" \/>\n<script type=\"application\/ld+json\" class=\"yoast-schema-graph\">{\"@context\":\"https:\/\/schema.org\",\"@graph\":[{\"@type\":\"WebPage\",\"@id\":\"https:\/\/martinidgn.com\/produkt\/swim-surf-bottom-aero-dry-swimming-high-waist-sports-bottom\/\",\"url\":\"https:\/\/martinidgn.com\/produkt\/swim-surf-bottom-aero-dry-swimming-high-waist-sports-bottom\/\",\"name\":\"Running & Surf Top - Martini Design - Swimwear & Activewear\",\"isPartOf\":{\"@id\":\"https:\/\/martinidgn.com\/#website\"},\"primaryImageOfPage\":{\"@id\":\"https:\/\/martinidgn.com\/produkt\/swim-surf-bottom-aero-dry-swimming-high-waist-sports-bottom\/#primaryimage\"},\"image\":{\"@id\":\"https:\/\/martinidgn.com\/produkt\/swim-surf-bottom-aero-dry-swimming-high-waist-sports-bottom\/#primaryimage\"},\"thumbnailUrl\":\"https:\/\/martinidgn.com\/wp-content\/uploads\/2023\/11\/1-scaled.jpg\",\"datePublished\":\"2023-11-23T13:33:09+00:00\",\"dateModified\":\"2025-09-30T09:23:06+00:00\",\"breadcrumb\":{\"@id\":\"https:\/\/martinidgn.com\/produkt\/swim-surf-bottom-aero-dry-swimming-high-waist-sports-bottom\/#breadcrumb\"},\"inLanguage\":\"pl-PL\",\"potentialAction\":[{\"@type\":\"ReadAction\",\"target\":[\"https:\/\/martinidgn.com\/produkt\/swim-surf-bottom-aero-dry-swimming-high-waist-sports-bottom\/\"]}]},{\"@type\":\"ImageObject\",\"inLanguage\":\"pl-PL\",\"@id\":\"https:\/\/martinidgn.com\/produkt\/swim-surf-bottom-aero-dry-swimming-high-waist-sports-bottom\/#primaryimage\",\"url\":\"https:\/\/martinidgn.com\/wp-content\/uploads\/2023\/11\/1-scaled.jpg\",\"contentUrl\":\"https:\/\/martinidgn.com\/wp-content\/uploads\/2023\/11\/1-scaled.jpg\",\"width\":1707,\"height\":2560},{\"@type\":\"BreadcrumbList\",\"@id\":\"https:\/\/martinidgn.com\/produkt\/swim-surf-bottom-aero-dry-swimming-high-waist-sports-bottom\/#breadcrumb\",\"itemListElement\":[{\"@type\":\"ListItem\",\"position\":1,\"name\":\"Home\",\"item\":\"https:\/\/martinidgn.com\/\"},{\"@type\":\"ListItem\",\"position\":2,\"name\":\"Shop\",\"item\":\"https:\/\/martinidgn.com\/pl\/shop\/\"},{\"@type\":\"ListItem\",\"position\":3,\"name\":\"Swim &#038; Surf Bottom Aero \u2013 Dry \u2013 Swimming high waist sports bottom.\"}]},{\"@type\":\"WebSite\",\"@id\":\"https:\/\/martinidgn.com\/#website\",\"url\":\"https:\/\/martinidgn.com\/\",\"name\":\"Martini Design - fashion swimwear | swimsuits | eco | ergonomic clothes | Polish designer\",\"description\":\"\",\"publisher\":{\"@id\":\"https:\/\/martinidgn.com\/#organization\"},\"potentialAction\":[{\"@type\":\"SearchAction\",\"target\":{\"@type\":\"EntryPoint\",\"urlTemplate\":\"https:\/\/martinidgn.com\/?s={search_term_string}\"},\"query-input\":{\"@type\":\"PropertyValueSpecification\",\"valueRequired\":true,\"valueName\":\"search_term_string\"}}],\"inLanguage\":\"pl-PL\"},{\"@type\":\"Organization\",\"@id\":\"https:\/\/martinidgn.com\/#organization\",\"name\":\"Martini Design - fashion swimwear | swimsuits | eco | ergonomic clothes | Polish designer\",\"url\":\"https:\/\/martinidgn.com\/\",\"logo\":{\"@type\":\"ImageObject\",\"inLanguage\":\"pl-PL\",\"@id\":\"https:\/\/martinidgn.com\/#\/schema\/logo\/image\/\",\"url\":\"https:\/\/martinidgn.com\/wp-content\/uploads\/2023\/02\/LOGO-STRONA-BASIC.jpg\",\"contentUrl\":\"https:\/\/martinidgn.com\/wp-content\/uploads\/2023\/02\/LOGO-STRONA-BASIC.jpg\",\"width\":415,\"height\":415,\"caption\":\"Martini Design - fashion swimwear | swimsuits | eco | ergonomic clothes | Polish designer\"},\"image\":{\"@id\":\"https:\/\/martinidgn.com\/#\/schema\/logo\/image\/\"},\"sameAs\":[\"https:\/\/www.facebook.com\/martinidgn\",\"https:\/\/www.instagram.com\/martinidgn\/\",\"https:\/\/pl.pinterest.com\/martinidgn\/\"]}]}<\/script>\n<!-- \/ Yoast SEO plugin. -->","yoast_head_json":{"title":"Running & Surf Top - Martini Design - Swimwear & Activewear","robots":{"index":"index","follow":"follow","max-snippet":"max-snippet:-1","max-image-preview":"max-image-preview:large","max-video-preview":"max-video-preview:-1"},"canonical":"https:\/\/martinidgn.com\/pl\/produkt\/swim-surf-bottom-aero-dry-swimming-high-waist-sports-bottom\/","og_locale":"pl_PL","og_type":"article","og_title":"Running & Surf Top - Martini Design - Swimwear & Activewear","og_description":"- Stretch design - High waist - Slim Fit - High leg - Full comfort during water sports training - Combine with Aero - Dry Line  Composition: 80% polyester, 20% elastane.  MADE IN POLAND","og_url":"https:\/\/martinidgn.com\/pl\/produkt\/swim-surf-bottom-aero-dry-swimming-high-waist-sports-bottom\/","og_site_name":"Martini Design - fashion swimwear &amp; swimsuits | eco | ergonomic clothes | Polish designer","article_publisher":"https:\/\/www.facebook.com\/martinidgn","article_modified_time":"2025-09-30T09:23:06+00:00","og_image":[{"width":683,"height":1024,"url":"https:\/\/martinidgn.com\/wp-content\/uploads\/2023\/11\/1-683x1024.jpg","type":"image\/jpeg"}],"twitter_card":"summary_large_image","twitter_misc":{"Szacowany czas czytania":"1 minuta"},"schema":{"@context":"https:\/\/schema.org","@graph":[{"@type":"WebPage","@id":"https:\/\/martinidgn.com\/produkt\/swim-surf-bottom-aero-dry-swimming-high-waist-sports-bottom\/","url":"https:\/\/martinidgn.com\/produkt\/swim-surf-bottom-aero-dry-swimming-high-waist-sports-bottom\/","name":"Running & Surf Top - Martini Design - Swimwear & Activewear","isPartOf":{"@id":"https:\/\/martinidgn.com\/#website"},"primaryImageOfPage":{"@id":"https:\/\/martinidgn.com\/produkt\/swim-surf-bottom-aero-dry-swimming-high-waist-sports-bottom\/#primaryimage"},"image":{"@id":"https:\/\/martinidgn.com\/produkt\/swim-surf-bottom-aero-dry-swimming-high-waist-sports-bottom\/#primaryimage"},"thumbnailUrl":"https:\/\/martinidgn.com\/wp-content\/uploads\/2023\/11\/1-scaled.jpg","datePublished":"2023-11-23T13:33:09+00:00","dateModified":"2025-09-30T09:23:06+00:00","breadcrumb":{"@id":"https:\/\/martinidgn.com\/produkt\/swim-surf-bottom-aero-dry-swimming-high-waist-sports-bottom\/#breadcrumb"},"inLanguage":"pl-PL","potentialAction":[{"@type":"ReadAction","target":["https:\/\/martinidgn.com\/produkt\/swim-surf-bottom-aero-dry-swimming-high-waist-sports-bottom\/"]}]},{"@type":"ImageObject","inLanguage":"pl-PL","@id":"https:\/\/martinidgn.com\/produkt\/swim-surf-bottom-aero-dry-swimming-high-waist-sports-bottom\/#primaryimage","url":"https:\/\/martinidgn.com\/wp-content\/uploads\/2023\/11\/1-scaled.jpg","contentUrl":"https:\/\/martinidgn.com\/wp-content\/uploads\/2023\/11\/1-scaled.jpg","width":1707,"height":2560},{"@type":"BreadcrumbList","@id":"https:\/\/martinidgn.com\/produkt\/swim-surf-bottom-aero-dry-swimming-high-waist-sports-bottom\/#breadcrumb","itemListElement":[{"@type":"ListItem","position":1,"name":"Home","item":"https:\/\/martinidgn.com\/"},{"@type":"ListItem","position":2,"name":"Shop","item":"https:\/\/martinidgn.com\/pl\/shop\/"},{"@type":"ListItem","position":3,"name":"Swim &#038; Surf Bottom Aero \u2013 Dry \u2013 Swimming high waist sports bottom."}]},{"@type":"WebSite","@id":"https:\/\/martinidgn.com\/#website","url":"https:\/\/martinidgn.com\/","name":"Martini Design - fashion swimwear | swimsuits | eco | ergonomic clothes | Polish designer","description":"","publisher":{"@id":"https:\/\/martinidgn.com\/#organization"},"potentialAction":[{"@type":"SearchAction","target":{"@type":"EntryPoint","urlTemplate":"https:\/\/martinidgn.com\/?s={search_term_string}"},"query-input":{"@type":"PropertyValueSpecification","valueRequired":true,"valueName":"search_term_string"}}],"inLanguage":"pl-PL"},{"@type":"Organization","@id":"https:\/\/martinidgn.com\/#organization","name":"Martini Design - fashion swimwear | swimsuits | eco | ergonomic clothes | Polish designer","url":"https:\/\/martinidgn.com\/","logo":{"@type":"ImageObject","inLanguage":"pl-PL","@id":"https:\/\/martinidgn.com\/#\/schema\/logo\/image\/","url":"https:\/\/martinidgn.com\/wp-content\/uploads\/2023\/02\/LOGO-STRONA-BASIC.jpg","contentUrl":"https:\/\/martinidgn.com\/wp-content\/uploads\/2023\/02\/LOGO-STRONA-BASIC.jpg","width":415,"height":415,"caption":"Martini Design - fashion swimwear | swimsuits | eco | ergonomic clothes | Polish designer"},"image":{"@id":"https:\/\/martinidgn.com\/#\/schema\/logo\/image\/"},"sameAs":["https:\/\/www.facebook.com\/martinidgn","https:\/\/www.instagram.com\/martinidgn\/","https:\/\/pl.pinterest.com\/martinidgn\/"]}]}},"_links":{"self":[{"href":"https:\/\/martinidgn.com\/pl\/wp-json\/wp\/v2\/product\/4158","targetHints":{"allow":["GET"]}}],"collection":[{"href":"https:\/\/martinidgn.com\/pl\/wp-json\/wp\/v2\/product"}],"about":[{"href":"https:\/\/martinidgn.com\/pl\/wp-json\/wp\/v2\/types\/product"}],"replies":[{"embeddable":true,"href":"https:\/\/martinidgn.com\/pl\/wp-json\/wp\/v2\/comments?post=4158"}],"wp:featuredmedia":[{"embeddable":true,"href":"https:\/\/martinidgn.com\/pl\/wp-json\/wp\/v2\/media\/4161"}],"wp:attachment":[{"href":"https:\/\/martinidgn.com\/pl\/wp-json\/wp\/v2\/media?parent=4158"}],"wp:term":[{"taxonomy":"product_brand","embeddable":true,"href":"https:\/\/martinidgn.com\/pl\/wp-json\/wp\/v2\/product_brand?post=4158"},{"taxonomy":"product_cat","embeddable":true,"href":"https:\/\/martinidgn.com\/pl\/wp-json\/wp\/v2\/product_cat?post=4158"},{"taxonomy":"product_tag","embeddable":true,"href":"https:\/\/martinidgn.com\/pl\/wp-json\/wp\/v2\/product_tag?post=4158"}],"curies":[{"name":"wp","href":"https:\/\/api.w.org\/{rel}","templated":true}]}}